{"id":1760,"date":"2014-01-29T16:12:36","date_gmt":"2014-01-29T15:12:36","guid":{"rendered":"http:\/\/lorinoko.com\/?page_id=1760"},"modified":"2014-05-15T15:07:45","modified_gmt":"2014-05-15T14:07:45","slug":"albica-atra","status":"publish","type":"page","link":"http:\/\/lorinoko.com\/?page_id=1760","title":{"rendered":"Albica Atra"},"content":{"rendered":"\r\n<div class=\"ngg-albumoverview\">\t\r\n\t<!-- List of galleries -->\r\n\t\r\n\t<div class=\"ngg-album\">\r\n\t\t<div class=\"ngg-albumtitle\"><a href=\"http:\/\/lorinoko.com\/?page_id=1303\">Albica-atra Cuffs Kuroi (Collection)<\/a><\/div>\r\n\t\t\t<div class=\"ngg-albumcontent\">\r\n\t\t\t\t<div class=\"ngg-thumbnail\">\r\n\t\t\t\t\t<a href=\"http:\/\/lorinoko.com\/?page_id=1303\"><img decoding=\"async\" class=\"Thumb\" alt=\"Albica-atra Cuffs Kuroi (Collection)\" src=\"http:\/\/lorinoko.com\/wp-content\/gallery\/albica-atra-cuffs-kuroi\/thumbs\/thumbs_dscn9155.jpg\"\/><\/a>\r\n\t\t\t\t<\/div>\r\n\t\t\t\t<div class=\"ngg-description\">\r\n\t\t\t\t<p>Zdoben\u00e9 n\u00e1ramky z kolekcie Albica-atra so z\u00e1kladom z \u010diernej bavlnenej \u010dipky a ru\u010dne vyrobenej ozdoby zo sat\u00e9nov\u00fdch stu\u017eiek.<\/p>\r\n\t\t\t\t\t\t\t\t<p><strong>3<\/strong> Photos<\/p>\r\n\t\t\t\t\t\t\t<\/div>\r\n\t\t<\/div>\r\n\t<\/div>\r\n\r\n \t\r\n\t<div class=\"ngg-album\">\r\n\t\t<div class=\"ngg-albumtitle\"><a href=\"http:\/\/lorinoko.com\/?page_id=1290\">Albica-atra Cuffs Shiroi (Collection)<\/a><\/div>\r\n\t\t\t<div class=\"ngg-albumcontent\">\r\n\t\t\t\t<div class=\"ngg-thumbnail\">\r\n\t\t\t\t\t<a href=\"http:\/\/lorinoko.com\/?page_id=1290\"><img decoding=\"async\" class=\"Thumb\" alt=\"Albica-atra Cuffs Shiroi (Collection)\" src=\"http:\/\/lorinoko.com\/wp-content\/gallery\/albica-atra-cuffs-shiroi\/thumbs\/thumbs_dscn9161.jpg\"\/><\/a>\r\n\t\t\t\t<\/div>\r\n\t\t\t\t<div class=\"ngg-description\">\r\n\t\t\t\t<p>Zdoben\u00e9 n\u00e1ramky z kolekcie Albica-atra so z\u00e1kladom z bielej bavlnenej \u010dipky a ru\u010dne vyrobenej ozdoby zo sat\u00e9nov\u00fdch stu\u017eiek.<\/p>\r\n\t\t\t\t\t\t\t\t<p><strong>3<\/strong> Photos<\/p>\r\n\t\t\t\t\t\t\t<\/div>\r\n\t\t<\/div>\r\n\t<\/div>\r\n\r\n \t\r\n\t<div class=\"ngg-album\">\r\n\t\t<div class=\"ngg-albumtitle\"><a href=\"http:\/\/lorinoko.com\/?page_id=1641\">Albica-atra Headbow Kuroi (Collection)<\/a><\/div>\r\n\t\t\t<div class=\"ngg-albumcontent\">\r\n\t\t\t\t<div class=\"ngg-thumbnail\">\r\n\t\t\t\t\t<a href=\"http:\/\/lorinoko.com\/?page_id=1641\"><img decoding=\"async\" class=\"Thumb\" alt=\"Albica-atra Headbow Kuroi (Collection)\" src=\"http:\/\/lorinoko.com\/wp-content\/gallery\/albica-atra-headbow-kuroi\/thumbs\/thumbs_dscn9073_1.jpg\"\/><\/a>\r\n\t\t\t\t<\/div>\r\n\t\t\t\t<div class=\"ngg-description\">\r\n\t\t\t\t<p>\u010cierna \u010delenka s \u010diernym z\u00e1kladom a bielym zdoben\u00edm \u010dipkou a stu\u017ekami z kolekcie Albica-atra.<\/p>\r\n\t\t\t\t\t\t\t\t<p><strong>5<\/strong> Photos<\/p>\r\n\t\t\t\t\t\t\t<\/div>\r\n\t\t<\/div>\r\n\t<\/div>\r\n\r\n \t\r\n\t<div class=\"ngg-album\">\r\n\t\t<div class=\"ngg-albumtitle\"><a href=\"http:\/\/lorinoko.com\/?page_id=1171\">Albica-atra Headbow Shiroi (Collection)<\/a><\/div>\r\n\t\t\t<div class=\"ngg-albumcontent\">\r\n\t\t\t\t<div class=\"ngg-thumbnail\">\r\n\t\t\t\t\t<a href=\"http:\/\/lorinoko.com\/?page_id=1171\"><img decoding=\"async\" class=\"Thumb\" alt=\"Albica-atra Headbow Shiroi (Collection)\" src=\"http:\/\/lorinoko.com\/wp-content\/gallery\/albica-atra-headbow-shiroi\/thumbs\/thumbs_dscn9066.jpg\"\/><\/a>\r\n\t\t\t\t<\/div>\r\n\t\t\t\t<div class=\"ngg-description\">\r\n\t\t\t\t<p>\u010cierna \u010delenka z kolekcie Albica-atra s bielym bavlnen\u00fdm z\u00e1kladom, ozdoben\u00e1 \u010diernou \u010dipkou, a polopreisvitn\u00fdmi \u010diernymi stu\u017ekami.<\/p>\r\n\t\t\t\t\t\t\t\t<p><strong>5<\/strong> Photos<\/p>\r\n\t\t\t\t\t\t\t<\/div>\r\n\t\t<\/div>\r\n\t<\/div>\r\n\r\n \t\r\n\t<div class=\"ngg-album\">\r\n\t\t<div class=\"ngg-albumtitle\"><a href=\"http:\/\/lorinoko.com\/?page_id=1049\">Albica-atra Kneesocks Kuroi (Collection)<\/a><\/div>\r\n\t\t\t<div class=\"ngg-albumcontent\">\r\n\t\t\t\t<div class=\"ngg-thumbnail\">\r\n\t\t\t\t\t<a href=\"http:\/\/lorinoko.com\/?page_id=1049\"><img decoding=\"async\" class=\"Thumb\" alt=\"Albica-atra Kneesocks Kuroi (Collection)\" src=\"http:\/\/lorinoko.com\/wp-content\/gallery\/albica-atra-kneesocks-kuroi\/thumbs\/thumbs_001_dscn8570.jpg\"\/><\/a>\r\n\t\t\t\t<\/div>\r\n\t\t\t\t<div class=\"ngg-description\">\r\n\t\t\t\t<p>Pohodln\u00e9 bavlnen\u00e9 podkolienky z novej kolekcie Albica-atra, ktor\u00e9 maj\u00fa aj svoju bielu dvoji\u010dku, s\u00fa vyhotoven\u00e9 v z \u010dierneho bavlnen\u00e9ho \u00fapletu a zdoben\u00e9 bielou \u010dipkou. Ich vzh\u013ead dotv\u00e1ra ru\u010dne vyroben\u00e1 ozdoba z r\u00f4znych stu\u017eiek v \u010diernej a kontrastnej bielej ma\u0161li\u010dkovej aplik\u00e1cie.<\/p>\r\n\t\t\t\t\t\t\t\t<p><strong>7<\/strong> Photos<\/p>\r\n\t\t\t\t\t\t\t<\/div>\r\n\t\t<\/div>\r\n\t<\/div>\r\n\r\n \t\r\n\t<div class=\"ngg-album\">\r\n\t\t<div class=\"ngg-albumtitle\"><a href=\"http:\/\/lorinoko.com\/?page_id=1063\">Albica-atra Kneesocks Shiroi (Collection)<\/a><\/div>\r\n\t\t\t<div class=\"ngg-albumcontent\">\r\n\t\t\t\t<div class=\"ngg-thumbnail\">\r\n\t\t\t\t\t<a href=\"http:\/\/lorinoko.com\/?page_id=1063\"><img decoding=\"async\" class=\"Thumb\" alt=\"Albica-atra Kneesocks Shiroi (Collection)\" src=\"http:\/\/lorinoko.com\/wp-content\/gallery\/albica-atra-kneesocks-shiroi\/thumbs\/thumbs_001_dscn8620.jpg\"\/><\/a>\r\n\t\t\t\t<\/div>\r\n\t\t\t\t<div class=\"ngg-description\">\r\n\t\t\t\t<p>Pohodln\u00e9 bavlnen\u00e9 podkolienky z kolekcie Alba-atra, ktor\u00e9 maj\u00fa aj svoju \u010diernu dvoji\u010dku, s\u00fa vyhotoven\u00e9 v z bieleho bavlnen\u00e9ho \u00fapletu a zdoben\u00e9 \u010diernou \u010dipkou. S\u00fa skr\u00e1\u0161len\u00e9 ru\u010dne vyrobenou ozdobou z r\u00f4znych stu\u017eiek v \u010diernej a kontrastnej bielej ma\u0161li\u010dkovej aplik\u00e1cie.<\/p>\r\n\t\t\t\t\t\t\t\t<p><strong>5<\/strong> Photos<\/p>\r\n\t\t\t\t\t\t\t<\/div>\r\n\t\t<\/div>\r\n\t<\/div>\r\n\r\n \t \t\r\n\t<!-- Pagination -->\r\n \t<div class=\"ngg-clear\"><\/div> \t\r\n<\/div>\r\n\r\n\n","protected":false},"excerpt":{"rendered":"","protected":false},"author":1,"featured_media":0,"parent":1756,"menu_order":0,"comment_status":"open","ping_status":"open","template":"","meta":{"_monsterinsights_skip_tracking":false,"_monsterinsights_sitenote_active":false,"_monsterinsights_sitenote_note":"","_monsterinsights_sitenote_category":0,"footnotes":""},"class_list":["post-1760","page","type-page","status-publish","hentry"],"_links":{"self":[{"href":"http:\/\/lorinoko.com\/index.php?rest_route=\/wp\/v2\/pages\/1760","targetHints":{"allow":["GET"]}}],"collection":[{"href":"http:\/\/lorinoko.com\/index.php?rest_route=\/wp\/v2\/pages"}],"about":[{"href":"http:\/\/lorinoko.com\/index.php?rest_route=\/wp\/v2\/types\/page"}],"author":[{"embeddable":true,"href":"http:\/\/lorinoko.com\/index.php?rest_route=\/wp\/v2\/users\/1"}],"replies":[{"embeddable":true,"href":"http:\/\/lorinoko.com\/index.php?rest_route=%2Fwp%2Fv2%2Fcomments&post=1760"}],"version-history":[{"count":5,"href":"http:\/\/lorinoko.com\/index.php?rest_route=\/wp\/v2\/pages\/1760\/revisions"}],"predecessor-version":[{"id":3249,"href":"http:\/\/lorinoko.com\/index.php?rest_route=\/wp\/v2\/pages\/1760\/revisions\/3249"}],"up":[{"embeddable":true,"href":"http:\/\/lorinoko.com\/index.php?rest_route=\/wp\/v2\/pages\/1756"}],"wp:attachment":[{"href":"http:\/\/lorinoko.com\/index.php?rest_route=%2Fwp%2Fv2%2Fmedia&parent=1760"}],"curies":[{"name":"wp","href":"https:\/\/api.w.org\/{rel}","templated":true}]}}