{"id":1758,"date":"2014-01-29T16:10:39","date_gmt":"2014-01-29T15:10:39","guid":{"rendered":"http:\/\/lorinoko.com\/?page_id=1758"},"modified":"2014-05-15T15:20:41","modified_gmt":"2014-05-15T14:20:41","slug":"dryas-nyx","status":"publish","type":"page","link":"http:\/\/lorinoko.com\/?page_id=1758","title":{"rendered":"Dryas Nyx"},"content":{"rendered":"\r\n<div class=\"ngg-albumoverview\">\t\r\n\t<!-- List of galleries -->\r\n\t\r\n\t<div class=\"ngg-album\">\r\n\t\t<div class=\"ngg-albumtitle\"><a href=\"http:\/\/lorinoko.com\/?page_id=872\">Dryas Nyx Hikari (Collection)<\/a><\/div>\r\n\t\t\t<div class=\"ngg-albumcontent\">\r\n\t\t\t\t<div class=\"ngg-thumbnail\">\r\n\t\t\t\t\t<a href=\"http:\/\/lorinoko.com\/?page_id=872\"><img decoding=\"async\" class=\"Thumb\" alt=\"Dryas Nyx Hikari (Collection)\" src=\"http:\/\/lorinoko.com\/wp-content\/gallery\/dryas-nyx-hikari-collection\/thumbs\/thumbs_001_dscn6677.jpg\"\/><\/a>\r\n\t\t\t\t<\/div>\r\n\t\t\t\t<div class=\"ngg-description\">\r\n\t\t\t\t<p>Dryas Nyx, alebo in\u00fdmi slovami \"noc v\u00edl\" je suk\u0148a z bavlnenej l\u00e1tky s n\u00e1dhernou potla\u010dou zobrazuj\u00faca v\u00edly po\u010das hviezdnej noci. Je kombinovan\u00e1 s \u010fal\u0161ou kr\u00e1snou potla\u010dou no\u010dnej oblohy posiatej hviezdami. Suk\u0148a je zdoben\u00e1 kvalitnou \u0161irokou bavlnenou \u010dipkou a vol\u00e1nikov\u00fd doln\u00fd kraj je lemovan\u00fd jemnou bavlnenou madeirou. P\u00e1sov\u00e1 \u010das\u0165 je na gumi\u010dku, a preto skvelo sadne na najr\u00f4znej\u0161ie typy post\u00e1v. Nechajte sa aj Vy unies\u0165 \u010darovnou nocou tancuj\u00facich v\u00edl! Ako s\u00fa\u010das\u0165 k sukni prid\u00e1vame aj \u010delenku so zdobenou dvojitou ma\u0161\u013eou, ktorou si dotvor\u00edte celkov\u00fd vzh\u013ead.<\/p>\r\n\t\t\t\t\t\t\t\t<p><strong>10<\/strong> Photos<\/p>\r\n\t\t\t\t\t\t\t<\/div>\r\n\t\t<\/div>\r\n\t<\/div>\r\n\r\n \t\r\n\t<div class=\"ngg-album\">\r\n\t\t<div class=\"ngg-albumtitle\"><a href=\"http:\/\/lorinoko.com\/?page_id=932\">Dryas Nyx Hikari Cuffs (Collection)<\/a><\/div>\r\n\t\t\t<div class=\"ngg-albumcontent\">\r\n\t\t\t\t<div class=\"ngg-thumbnail\">\r\n\t\t\t\t\t<a href=\"http:\/\/lorinoko.com\/?page_id=932\"><img decoding=\"async\" class=\"Thumb\" alt=\"Dryas Nyx Hikari Cuffs (Collection)\" src=\"http:\/\/lorinoko.com\/wp-content\/gallery\/dryas-nyx-hikari-cuffs-collection\/thumbs\/thumbs_001_dscn6954.jpg\"\/><\/a>\r\n\t\t\t\t<\/div>\r\n\t\t\t\t<div class=\"ngg-description\">\r\n\t\t\t\t<p>Bohato zdoben\u00e9 n\u00e1ramky zo \u0161irokej bavlenej \u010dipky a madeiry lemovanej nebeskou modrou s\u00fa vhodn\u00fdm doplnkom k svetlej verzii kolekcie Dryas Nyx. Dvojit\u00fd rad baby blue stu\u017eky a ru\u010dne u\u0161itej kvetinovej aplik\u00e1cie dotv\u00e1ra jeho nevinn\u00fa elegantn\u00fa podobu.<\/p>\r\n\t\t\t\t\t\t\t\t<p><strong>7<\/strong> Photos<\/p>\r\n\t\t\t\t\t\t\t<\/div>\r\n\t\t<\/div>\r\n\t<\/div>\r\n\r\n \t\r\n\t<div class=\"ngg-album\">\r\n\t\t<div class=\"ngg-albumtitle\"><a href=\"http:\/\/lorinoko.com\/?page_id=941\">Dryas Nyx Hikari Handbag (Collection)<\/a><\/div>\r\n\t\t\t<div class=\"ngg-albumcontent\">\r\n\t\t\t\t<div class=\"ngg-thumbnail\">\r\n\t\t\t\t\t<a href=\"http:\/\/lorinoko.com\/?page_id=941\"><img decoding=\"async\" class=\"Thumb\" alt=\"Dryas Nyx Hikari Handbag (Collection)\" src=\"http:\/\/lorinoko.com\/wp-content\/gallery\/dryas-nyx-hikari-handbag-collection\/thumbs\/thumbs_001_dscn6997.jpg\"\/><\/a>\r\n\t\t\t\t<\/div>\r\n\t\t\t\t<div class=\"ngg-description\">\r\n\t\t\t\t<p>Takmer neodmyslite\u013en\u00fd doplnok na ukrytie drobnost\u00ed, bez ktor\u00fdch si neviete predstavi\u0165 fungova\u0165 ka\u017ed\u00fd de\u0148. \u0160ikovn\u00e1, nie pr\u00edli\u0161 ve\u013ek\u00e1 ta\u0161ka, vzh\u013eadom ve\u013emi vhodn\u00e1 k sukni z kolekcie Dryas Nyx - Hikari. Zhotoven\u00e1 je z rovnak\u00fdch dvoch bavelnen\u00fdch materi\u00e1lov s potla\u010dou ako suk\u0148a, taktie\u017e aj zdobenie madeirou a \u010dipkou. Ru\u010dne \u0161it\u00e1 kvetinov\u00e1 aplik\u00e1cia je in\u0161pirovan\u00e1 n\u00e1ramkami z rovnakej kolekcie.<\/p>\r\n\t\t\t\t\t\t\t\t<p><strong>6<\/strong> Photos<\/p>\r\n\t\t\t\t\t\t\t<\/div>\r\n\t\t<\/div>\r\n\t<\/div>\r\n\r\n \t\r\n\t<div class=\"ngg-album\">\r\n\t\t<div class=\"ngg-albumtitle\"><a href=\"http:\/\/lorinoko.com\/?page_id=898\">Dryas Nyx Yami (Collection)<\/a><\/div>\r\n\t\t\t<div class=\"ngg-albumcontent\">\r\n\t\t\t\t<div class=\"ngg-thumbnail\">\r\n\t\t\t\t\t<a href=\"http:\/\/lorinoko.com\/?page_id=898\"><img decoding=\"async\" class=\"Thumb\" alt=\"Dryas Nyx Yami (Collection)\" src=\"http:\/\/lorinoko.com\/wp-content\/gallery\/dryas-nyx-yami-collection\/thumbs\/thumbs_001_dscn6868.jpg\"\/><\/a>\r\n\t\t\t\t<\/div>\r\n\t\t\t\t<div class=\"ngg-description\">\r\n\t\t\t\t<p>Suk\u0148a z kolekcie Dryas Nyx, tentokr\u00e1t v tmavej - Yami verzii. Hod\u00ed sa ku tmavomodr\u00fdm a \u010diernym kombin\u00e1ciam lolity alebo i trochu tmav\u0161ie p\u00f4sobiacim pod\u0161t\u00fdlom (gothic). Strihovo je rie\u0161en\u00e1 rovnako ako jej svetl\u00e1 sestri\u010dka Hikari. Prisp\u00f4sobite\u013en\u00e1 v p\u00e1se na gumi\u010dku.<\/p>\r\n\t\t\t\t\t\t\t\t<p><strong>7<\/strong> Photos<\/p>\r\n\t\t\t\t\t\t\t<\/div>\r\n\t\t<\/div>\r\n\t<\/div>\r\n\r\n \t \t\r\n\t<!-- Pagination -->\r\n \t<div class=\"ngg-clear\"><\/div> \t\r\n<\/div>\r\n\r\n\n","protected":false},"excerpt":{"rendered":"","protected":false},"author":1,"featured_media":0,"parent":1756,"menu_order":0,"comment_status":"open","ping_status":"open","template":"","meta":{"_monsterinsights_skip_tracking":false,"_monsterinsights_sitenote_active":false,"_monsterinsights_sitenote_note":"","_monsterinsights_sitenote_category":0,"footnotes":""},"class_list":["post-1758","page","type-page","status-publish","hentry"],"_links":{"self":[{"href":"http:\/\/lorinoko.com\/index.php?rest_route=\/wp\/v2\/pages\/1758","targetHints":{"allow":["GET"]}}],"collection":[{"href":"http:\/\/lorinoko.com\/index.php?rest_route=\/wp\/v2\/pages"}],"about":[{"href":"http:\/\/lorinoko.com\/index.php?rest_route=\/wp\/v2\/types\/page"}],"author":[{"embeddable":true,"href":"http:\/\/lorinoko.com\/index.php?rest_route=\/wp\/v2\/users\/1"}],"replies":[{"embeddable":true,"href":"http:\/\/lorinoko.com\/index.php?rest_route=%2Fwp%2Fv2%2Fcomments&post=1758"}],"version-history":[{"count":5,"href":"http:\/\/lorinoko.com\/index.php?rest_route=\/wp\/v2\/pages\/1758\/revisions"}],"predecessor-version":[{"id":3253,"href":"http:\/\/lorinoko.com\/index.php?rest_route=\/wp\/v2\/pages\/1758\/revisions\/3253"}],"up":[{"embeddable":true,"href":"http:\/\/lorinoko.com\/index.php?rest_route=\/wp\/v2\/pages\/1756"}],"wp:attachment":[{"href":"http:\/\/lorinoko.com\/index.php?rest_route=%2Fwp%2Fv2%2Fmedia&parent=1758"}],"curies":[{"name":"wp","href":"https:\/\/api.w.org\/{rel}","templated":true}]}}