{"id":1756,"date":"2014-01-29T16:09:42","date_gmt":"2014-01-29T15:09:42","guid":{"rendered":"http:\/\/lorinoko.com\/?page_id=1756"},"modified":"2014-05-12T16:52:32","modified_gmt":"2014-05-12T15:52:32","slug":"kolekcie","status":"publish","type":"page","link":"http:\/\/lorinoko.com\/?page_id=1756","title":{"rendered":"Kolekcie"},"content":{"rendered":"\r\n<div class=\"ngg-albumoverview\">\t\r\n\t<!-- List of galleries -->\r\n\t\r\n\t<div class=\"ngg-album\">\r\n\t\t<div class=\"ngg-albumtitle\"><a href=\"http:\/\/lorinoko.com\/?page_id=4457\">Kolekcia Tea-time Pink &amp; Blue<\/a><\/div>\r\n\t\t\t<div class=\"ngg-albumcontent\">\r\n\t\t\t\t<div class=\"ngg-thumbnail\">\r\n\t\t\t\t\t<a href=\"http:\/\/lorinoko.com\/?page_id=4457\"><img decoding=\"async\" class=\"Thumb\" alt=\"Kolekcia Tea-time Pink &amp; Blue\" src=\"http:\/\/lorinoko.com\/wp-content\/gallery\/tea-time-pink-skirt\/thumbs\/thumbs_p1060422.jpg\"\/><\/a>\r\n\t\t\t\t<\/div>\r\n\t\t\t\t<div class=\"ngg-description\">\r\n\t\t\t\t<p>Kolekcia sukn\u00ed a ta\u0161ti\u010diek na plece s potla\u010dou vzoru \u0161\u00e1lok v ru\u017eovej a belasej.<\/p>\r\n\t\t\t\t\t\t\t\t<p><strong>4<\/strong> Photos<\/p>\r\n\t\t\t\t\t\t\t<\/div>\r\n\t\t<\/div>\r\n\t<\/div>\r\n\r\n \t\r\n\t<div class=\"ngg-album\">\r\n\t\t<div class=\"ngg-albumtitle\"><a href=\"http:\/\/lorinoko.com\/?page_id=3021\">Atrata Sweet<\/a><\/div>\r\n\t\t\t<div class=\"ngg-albumcontent\">\r\n\t\t\t\t<div class=\"ngg-thumbnail\">\r\n\t\t\t\t\t<a href=\"http:\/\/lorinoko.com\/?page_id=3021\"><img decoding=\"async\" class=\"Thumb\" alt=\"Atrata Sweet\" src=\"http:\/\/lorinoko.com\/wp-content\/gallery\/collage-pictures\/thumbs\/thumbs_2-3-5_atrata_sweet_collage.jpg\"\/><\/a>\r\n\t\t\t\t<\/div>\r\n\t\t\t\t<div class=\"ngg-description\">\r\n\t\t\t\t<p>Bitterwseet kolekcia Atrata Sweet je charakteristick\u00e1 \u010diernym bavlnen\u00fdm z\u00e1kladom a bohat\u00fdm zdoben\u00edm \u0161irok\u00fdmi sweet stu\u017ekami v dvoch farebn\u00fdch verzi\u00e1ch. Obsahuje dve sukne a jeden prorotyp, rovnako ako farebne ladiace n\u00e1ramky v ru\u017eovom a fialovom odtieni.<\/p>\r\n\t\t\t\t\t\t\t\t<p><strong>5<\/strong> Photos<\/p>\r\n\t\t\t\t\t\t\t<\/div>\r\n\t\t<\/div>\r\n\t<\/div>\r\n\r\n \t\r\n\t<div class=\"ngg-album\">\r\n\t\t<div class=\"ngg-albumtitle\"><a href=\"http:\/\/lorinoko.com\/?page_id=1760\">Albica-atra<\/a><\/div>\r\n\t\t\t<div class=\"ngg-albumcontent\">\r\n\t\t\t\t<div class=\"ngg-thumbnail\">\r\n\t\t\t\t\t<a href=\"http:\/\/lorinoko.com\/?page_id=1760\"><img decoding=\"async\" class=\"Thumb\" alt=\"Albica-atra\" src=\"http:\/\/lorinoko.com\/wp-content\/gallery\/collage-pictures\/thumbs\/thumbs_2-3-1_albica_atra_collage.jpg\"\/><\/a>\r\n\t\t\t\t<\/div>\r\n\t\t\t\t<div class=\"ngg-description\">\r\n\t\t\t\t<p>\u010cierno biela kolekcia Albica-atra obsahuje dvojfarebn\u00e9 kombin\u00e1cie dvoji\u010diek n\u00e1ramkov, \u010deleniek s ma\u0161\u013eami a zdoben\u00fdch podkoleniek.<\/p>\r\n\t\t\t\t\t\t\t\t<p><strong>6<\/strong> Photos<\/p>\r\n\t\t\t\t\t\t\t<\/div>\r\n\t\t<\/div>\r\n\t<\/div>\r\n\r\n \t\r\n\t<div class=\"ngg-album\">\r\n\t\t<div class=\"ngg-albumtitle\"><a href=\"http:\/\/lorinoko.com\/?page_id=1764\">Black Rose<\/a><\/div>\r\n\t\t\t<div class=\"ngg-albumcontent\">\r\n\t\t\t\t<div class=\"ngg-thumbnail\">\r\n\t\t\t\t\t<a href=\"http:\/\/lorinoko.com\/?page_id=1764\"><img decoding=\"async\" class=\"Thumb\" alt=\"Black Rose\" src=\"http:\/\/lorinoko.com\/wp-content\/gallery\/collage-pictures\/thumbs\/thumbs_2-3-2_black_rose_collage.jpg\"\/><\/a>\r\n\t\t\t\t<\/div>\r\n\t\t\t\t<div class=\"ngg-description\">\r\n\t\t\t\t<p>Kolekcia Black Rose v kompletne \u010diernom preveden\u00ed sa vzyna\u010duje bohat\u00fdm zdoben\u00edm ru\u010dne vyroben\u00fdmi aplik\u00e1ciami zo sat\u00e9nov\u00fdch stu\u017eiek. Zah\u0155\u0148a \u010delenku s ma\u0161\u013eou, headdress a n\u00e1ramky.<\/p>\r\n\t\t\t\t\t\t\t\t<p><strong>3<\/strong> Photos<\/p>\r\n\t\t\t\t\t\t\t<\/div>\r\n\t\t<\/div>\r\n\t<\/div>\r\n\r\n \t\r\n\t<div class=\"ngg-album\">\r\n\t\t<div class=\"ngg-albumtitle\"><a href=\"http:\/\/lorinoko.com\/?page_id=1935\">Black Wine Almondica<\/a><\/div>\r\n\t\t\t<div class=\"ngg-albumcontent\">\r\n\t\t\t\t<div class=\"ngg-thumbnail\">\r\n\t\t\t\t\t<a href=\"http:\/\/lorinoko.com\/?page_id=1935\"><img decoding=\"async\" class=\"Thumb\" alt=\"Black Wine Almondica\" src=\"http:\/\/lorinoko.com\/wp-content\/gallery\/collage-pictures\/thumbs\/thumbs_2-3-4_black_wine_almondica_collage.jpg\"\/><\/a>\r\n\t\t\t\t<\/div>\r\n\t\t\t\t<div class=\"ngg-description\">\r\n\t\t\t\t<p>Kolekcia dvoch sukn\u00ed Black Wine Almondica predstavuje kombin\u00e1ciu materi\u00e1lu patchworkov\u00e9ho typu spolu s l\u00e1tkou \u010diernej a v\u00ednovo \u010dervenej farby. Materi\u00e1ly s\u00fa zladen\u00e9 pridan\u00edm vrstvy \u010dierneho tylu, ktor\u00fd rob\u00ed zdoben\u00fa \u010das\u0165 s\u00favislej\u0161ou a tak vynikne aj na pozad\u00ed r\u00f4znorod\u00e9ho z\u00e1kladn\u00e9ho materi\u00e1lu. Okrem sukn\u00ed obsahuje aj jednoduch\u00fd headdress.<\/p>\r\n\t\t\t\t\t\t\t\t<p><strong>3<\/strong> Photos<\/p>\r\n\t\t\t\t\t\t\t<\/div>\r\n\t\t<\/div>\r\n\t<\/div>\r\n\r\n \t\r\n\t<div class=\"ngg-album\">\r\n\t\t<div class=\"ngg-albumtitle\"><a href=\"http:\/\/lorinoko.com\/?page_id=1758\">Dryas Nyx<\/a><\/div>\r\n\t\t\t<div class=\"ngg-albumcontent\">\r\n\t\t\t\t<div class=\"ngg-thumbnail\">\r\n\t\t\t\t\t<a href=\"http:\/\/lorinoko.com\/?page_id=1758\"><img decoding=\"async\" class=\"Thumb\" alt=\"Dryas Nyx\" src=\"http:\/\/lorinoko.com\/wp-content\/gallery\/collage-pictures\/thumbs\/thumbs_2-3-3_dryas_nyx_collage.jpg\"\/><\/a>\r\n\t\t\t\t<\/div>\r\n\t\t\t\t<div class=\"ngg-description\">\r\n\t\t\t\t<p>Dryas Nyx, alebo in\u00fdmi slovami \"noc v\u00edl\" je suk\u0148a z bavlnenej l\u00e1tky s n\u00e1dhernou potla\u010dou zobrazuj\u00faca v\u00edly po\u010das hviezdnej noci. Je kombinovan\u00e1 s \u010fal\u0161ou kr\u00e1snou potla\u010dou no\u010dnej oblohy posiatej hviezdami. Svetl\u00e1 verzia Hikari je zdoben\u00e1 bielou, \u010dierna verzia Yami \u010diernou \u010dipkou. Kolekcia obsahuje aj n\u00e1ramky a praktick\u00fa ta\u0161ku.<\/p>\r\n\t\t\t\t\t\t\t\t<p><strong>4<\/strong> Photos<\/p>\r\n\t\t\t\t\t\t\t<\/div>\r\n\t\t<\/div>\r\n\t<\/div>\r\n\r\n \t \t\r\n\t<!-- Pagination -->\r\n \t<div class=\"ngg-clear\"><\/div> \t\r\n<\/div>\r\n\r\n\n","protected":false},"excerpt":{"rendered":"","protected":false},"author":1,"featured_media":0,"parent":1751,"menu_order":3,"comment_status":"open","ping_status":"closed","template":"","meta":{"_monsterinsights_skip_tracking":false,"_monsterinsights_sitenote_active":false,"_monsterinsights_sitenote_note":"","_monsterinsights_sitenote_category":0,"footnotes":""},"class_list":["post-1756","page","type-page","status-publish","hentry"],"_links":{"self":[{"href":"http:\/\/lorinoko.com\/index.php?rest_route=\/wp\/v2\/pages\/1756","targetHints":{"allow":["GET"]}}],"collection":[{"href":"http:\/\/lorinoko.com\/index.php?rest_route=\/wp\/v2\/pages"}],"about":[{"href":"http:\/\/lorinoko.com\/index.php?rest_route=\/wp\/v2\/types\/page"}],"author":[{"embeddable":true,"href":"http:\/\/lorinoko.com\/index.php?rest_route=\/wp\/v2\/users\/1"}],"replies":[{"embeddable":true,"href":"http:\/\/lorinoko.com\/index.php?rest_route=%2Fwp%2Fv2%2Fcomments&post=1756"}],"version-history":[{"count":4,"href":"http:\/\/lorinoko.com\/index.php?rest_route=\/wp\/v2\/pages\/1756\/revisions"}],"predecessor-version":[{"id":3212,"href":"http:\/\/lorinoko.com\/index.php?rest_route=\/wp\/v2\/pages\/1756\/revisions\/3212"}],"up":[{"embeddable":true,"href":"http:\/\/lorinoko.com\/index.php?rest_route=\/wp\/v2\/pages\/1751"}],"wp:attachment":[{"href":"http:\/\/lorinoko.com\/index.php?rest_route=%2Fwp%2Fv2%2Fmedia&parent=1756"}],"curies":[{"name":"wp","href":"https:\/\/api.w.org\/{rel}","templated":true}]}}