{"id":1751,"date":"2014-01-29T16:09:21","date_gmt":"2014-01-29T15:09:21","guid":{"rendered":"http:\/\/lorinoko.com\/?page_id=1751"},"modified":"2014-05-15T15:03:24","modified_gmt":"2014-05-15T14:03:24","slug":"portfolio","status":"publish","type":"page","link":"http:\/\/lorinoko.com\/?page_id=1751","title":{"rendered":"Portf\u00f3lio"},"content":{"rendered":"\r\n<div class=\"ngg-albumoverview\">\t\r\n\t<!-- List of galleries -->\r\n\t\r\n\t<div class=\"ngg-album\">\r\n\t\t<div class=\"ngg-albumtitle\"><a href=\"http:\/\/lorinoko.com\/?page_id=78\">Sukne<\/a><\/div>\r\n\t\t\t<div class=\"ngg-albumcontent\">\r\n\t\t\t\t<div class=\"ngg-thumbnail\">\r\n\t\t\t\t\t<a href=\"http:\/\/lorinoko.com\/?page_id=78\"><img decoding=\"async\" class=\"Thumb\" alt=\"Sukne\" src=\"http:\/\/lorinoko.com\/wp-content\/gallery\/collage-pictures\/thumbs\/thumbs_2-1_sukne_collage_2.jpg\"\/><\/a>\r\n\t\t\t\t<\/div>\r\n\t\t\t\t<div class=\"ngg-description\">\r\n\t\t\t\t<p>V tejto kateg\u00f3rii n\u00e1jdete sukne vyroben\u00e9 ako samostatn\u00e9 kusy, pre celkov\u00fd preh\u013ead v\u0161ak uv\u00e1dzame aj tie, ktor\u00e9 s\u00fa s\u00fa\u010das\u0165ou niektorej z kolekci\u00ed.<\/p>\r\n\t\t\t\t\t\t\t\t<p><strong>22<\/strong> Photos<\/p>\r\n\t\t\t\t\t\t\t<\/div>\r\n\t\t<\/div>\r\n\t<\/div>\r\n\r\n \t\r\n\t<div class=\"ngg-album\">\r\n\t\t<div class=\"ngg-albumtitle\"><a href=\"http:\/\/lorinoko.com\/?page_id=88\">Doplnky<\/a><\/div>\r\n\t\t\t<div class=\"ngg-albumcontent\">\r\n\t\t\t\t<div class=\"ngg-thumbnail\">\r\n\t\t\t\t\t<a href=\"http:\/\/lorinoko.com\/?page_id=88\"><img decoding=\"async\" class=\"Thumb\" alt=\"Doplnky\" src=\"http:\/\/lorinoko.com\/wp-content\/gallery\/collage-pictures\/thumbs\/thumbs_2-2_doplnky_collage.jpg\"\/><\/a>\r\n\t\t\t\t<\/div>\r\n\t\t\t\t<div class=\"ngg-description\">\r\n\t\t\t\t<p>Zbierka doplnkov zah\u0155\u0148aj\u00facich \u010delenky a ma\u0161le, headdresy, ozdoby na krk - obojky, n\u00e1ramky a zdoben\u00e9 podkolienky. N\u00e1jdete tu samostatn\u00e9 kusy, ale aj obsah z kolekci\u00ed \u010di \u0161peci\u00e1lne objedn\u00e1vky.<\/p>\r\n\t\t\t\t\t\t\t\t<p><strong>6<\/strong> Photos<\/p>\r\n\t\t\t\t\t\t\t<\/div>\r\n\t\t<\/div>\r\n\t<\/div>\r\n\r\n \t\r\n\t<div class=\"ngg-album\">\r\n\t\t<div class=\"ngg-albumtitle\"><a href=\"http:\/\/lorinoko.com\/?page_id=1756\">Kolekcie<\/a><\/div>\r\n\t\t\t<div class=\"ngg-albumcontent\">\r\n\t\t\t\t<div class=\"ngg-thumbnail\">\r\n\t\t\t\t\t<a href=\"http:\/\/lorinoko.com\/?page_id=1756\"><img decoding=\"async\" class=\"Thumb\" alt=\"Kolekcie\" src=\"http:\/\/lorinoko.com\/wp-content\/gallery\/collage-pictures\/thumbs\/thumbs_2-3_kolekcie_collage.jpg\"\/><\/a>\r\n\t\t\t\t<\/div>\r\n\t\t\t\t<div class=\"ngg-description\">\r\n\t\t\t\t<p>Kolekcie sukn\u00ed a doplnkov v tematick\u00fdch alebo farebne laden\u00fdch prevedeniach.<\/p>\r\n\t\t\t\t\t\t\t\t<p><strong>6<\/strong> Photos<\/p>\r\n\t\t\t\t\t\t\t<\/div>\r\n\t\t<\/div>\r\n\t<\/div>\r\n\r\n \t\r\n\t<div class=\"ngg-album\">\r\n\t\t<div class=\"ngg-albumtitle\"><a href=\"http:\/\/lorinoko.com\/?page_id=91\">Ostatn\u00e9<\/a><\/div>\r\n\t\t\t<div class=\"ngg-albumcontent\">\r\n\t\t\t\t<div class=\"ngg-thumbnail\">\r\n\t\t\t\t\t<a href=\"http:\/\/lorinoko.com\/?page_id=91\"><img decoding=\"async\" class=\"Thumb\" alt=\"Ostatn\u00e9\" src=\"http:\/\/lorinoko.com\/wp-content\/gallery\/collage-pictures\/thumbs\/thumbs_2-4_ostatne_collage.jpg\"\/><\/a>\r\n\t\t\t\t<\/div>\r\n\t\t\t\t<div class=\"ngg-description\">\r\n\t\t\t\t<p>Medzi kateg\u00f3riu Ostatn\u00e9 zara\u010fujeme ojedinel\u00e9 kusy, ktor\u00e9 neboli p\u00f4vodne na \u0161peci\u00e1lnu objedn\u00e1vku \u010di s\u00fa\u010das\u0165ou nejakej kolekcie. Nie je ich ve\u013ea a vznikaj\u00fa sk\u00f4r pozvo\u013ena.<\/p>\r\n\t\t\t\t\t\t\t\t<p><strong>2<\/strong> Photos<\/p>\r\n\t\t\t\t\t\t\t<\/div>\r\n\t\t<\/div>\r\n\t<\/div>\r\n\r\n \t\r\n\t<div class=\"ngg-album\">\r\n\t\t<div class=\"ngg-albumtitle\"><a href=\"http:\/\/lorinoko.com\/?page_id=226\">\u0160peci\u00e1lne objedn\u00e1vky<\/a><\/div>\r\n\t\t\t<div class=\"ngg-albumcontent\">\r\n\t\t\t\t<div class=\"ngg-thumbnail\">\r\n\t\t\t\t\t<a href=\"http:\/\/lorinoko.com\/?page_id=226\"><img decoding=\"async\" class=\"Thumb\" alt=\"\u0160peci\u00e1lne objedn\u00e1vky\" src=\"http:\/\/lorinoko.com\/wp-content\/gallery\/collage-pictures\/thumbs\/thumbs_2-5_specialne_objednavky_collage.jpg\"\/><\/a>\r\n\t\t\t\t<\/div>\r\n\t\t\t\t<div class=\"ngg-description\">\r\n\t\t\t\t<p>Lorinoko sa okrem v\u00fdroby odevov a doplnkov pod vlastnou zna\u010dkou zameriava aj na \u0161peci\u00e1lne objedn\u00e1vky, preto aj tak pomaly prib\u00fadaj\u00fa modely patriace samotnej zna\u010dke. Objedn\u00e1van\u00e9 v\u00fdrobky nemusia konkr\u00e9tne s\u00favisie\u0165 s Lolita m\u00f3dou. V tejto sekcii teda n\u00e1jdete uk\u00e1\u017eky modelov a v\u00fdrobkov, ktor\u00e9 Lorinoko neprezentuje pod svojou zna\u010dkou, ale boli u\u0161it\u00e9 na \u0161peci\u00e1lne \u017eiadosti z\u00e1kazn\u00edkov.<\/p>\r\n\t\t\t\t\t\t\t\t<p><strong>17<\/strong> Photos<\/p>\r\n\t\t\t\t\t\t\t<\/div>\r\n\t\t<\/div>\r\n\t<\/div>\r\n\r\n \t \t\r\n\t<!-- Pagination -->\r\n \t<div class=\"ngg-clear\"><\/div> \t\r\n<\/div>\r\n\r\n\n","protected":false},"excerpt":{"rendered":"","protected":false},"author":1,"featured_media":0,"parent":0,"menu_order":2,"comment_status":"open","ping_status":"closed","template":"","meta":{"_monsterinsights_skip_tracking":false,"_monsterinsights_sitenote_active":false,"_monsterinsights_sitenote_note":"","_monsterinsights_sitenote_category":0,"footnotes":""},"class_list":["post-1751","page","type-page","status-publish","hentry"],"_links":{"self":[{"href":"http:\/\/lorinoko.com\/index.php?rest_route=\/wp\/v2\/pages\/1751","targetHints":{"allow":["GET"]}}],"collection":[{"href":"http:\/\/lorinoko.com\/index.php?rest_route=\/wp\/v2\/pages"}],"about":[{"href":"http:\/\/lorinoko.com\/index.php?rest_route=\/wp\/v2\/types\/page"}],"author":[{"embeddable":true,"href":"http:\/\/lorinoko.com\/index.php?rest_route=\/wp\/v2\/users\/1"}],"replies":[{"embeddable":true,"href":"http:\/\/lorinoko.com\/index.php?rest_route=%2Fwp%2Fv2%2Fcomments&post=1751"}],"version-history":[{"count":4,"href":"http:\/\/lorinoko.com\/index.php?rest_route=\/wp\/v2\/pages\/1751\/revisions"}],"predecessor-version":[{"id":3248,"href":"http:\/\/lorinoko.com\/index.php?rest_route=\/wp\/v2\/pages\/1751\/revisions\/3248"}],"wp:attachment":[{"href":"http:\/\/lorinoko.com\/index.php?rest_route=%2Fwp%2Fv2%2Fmedia&parent=1751"}],"curies":[{"name":"wp","href":"https:\/\/api.w.org\/{rel}","templated":true}]}}