{"id":1582,"date":"2013-12-05T12:28:48","date_gmt":"2013-12-05T11:28:48","guid":{"rendered":"http:\/\/lorinoko.com\/?page_id=1582"},"modified":"2014-05-21T19:05:16","modified_gmt":"2014-05-21T18:05:16","slug":"black-wine-almondica-sukna","status":"publish","type":"page","link":"http:\/\/lorinoko.com\/?page_id=1582","title":{"rendered":"Black Wine Almondica I"},"content":{"rendered":"<p style=\"text-align: justify;\">Suk\u0148a Black Wine Almondica predstavuje kombin\u00e1ciu melancholicky laden\u00e9ho materi\u00e1lu patchworkov\u00e9ho typu spolu s \u010diernou a v\u00ednovou farbou. Materi\u00e1ly su zladen\u00e9 pridan\u00edm vrstvy \u010dierneho tylu, ktor\u00fd rob\u00ed zdoben\u00fa \u010das\u0165 s\u00favislej\u0161ou a tak vynikne aj na pozad\u00ed r\u00f4znorod\u00e9ho z\u00e1kladn\u00e9ho materi\u00e1lu. P\u00e1s je poloelastick\u00fd, v bo\u010dnom kraji je zap\u00ednanie rie\u0161en\u00e9 zipsom a gomb\u00edkmi. S\u00fa\u010das\u0165ou je odn\u00edmate\u013en\u00e1 ma\u0161li\u010dka ako ozdoba.<br \/>\n<strong>Materi\u00e1l: <\/strong>l\u00e1tky bavlna, tyl, \u010dipka a madeira bavlna<br \/>\n<strong>Obvod p\u00e1su: <\/strong>71-81 cm, zap\u00ednanie na zips a gomb\u00edky<br \/>\n<strong>D\u013a\u017eka sukne: <\/strong>54 cm<\/p>\n<div class=\"slideshow\"><div id=\"ngg_slideshow3715821\" class=\"ngg-slideshow owl-carousel\" style=\"max-width: 600px; max-height: 400px;\"><img decoding=\"async\" src=\"http:\/\/lorinoko.com\/wp-content\/gallery\/black-wine-almondica-collection\/001_dscn1390.jpg\" alt=\"001_dscn1390\" style=\"max-width: 600px; max-height: 400px; width: auto; height:auto; margin:auto\"><img decoding=\"async\" src=\"http:\/\/lorinoko.com\/wp-content\/gallery\/black-wine-almondica-collection\/002_dscn1393.jpg\" alt=\"002_dscn1393\" style=\"max-width: 600px; max-height: 400px; width: auto; height:auto; margin:auto\"><img decoding=\"async\" src=\"http:\/\/lorinoko.com\/wp-content\/gallery\/black-wine-almondica-collection\/003_dscn1415.jpg\" alt=\"003_dscn1415\" style=\"max-width: 600px; max-height: 400px; width: auto; height:auto; margin:auto\"><img decoding=\"async\" src=\"http:\/\/lorinoko.com\/wp-content\/gallery\/black-wine-almondica-collection\/004_dscn1399.jpg\" alt=\"004_dscn1399\" style=\"max-width: 600px; max-height: 400px; width: auto; height:auto; margin:auto\"><img decoding=\"async\" src=\"http:\/\/lorinoko.com\/wp-content\/gallery\/black-wine-almondica-collection\/005_dscn1395.jpg\" alt=\"005_dscn1395\" style=\"max-width: 600px; max-height: 400px; width: auto; height:auto; margin:auto\"><img decoding=\"async\" src=\"http:\/\/lorinoko.com\/wp-content\/gallery\/black-wine-almondica-collection\/006_dscn1396.jpg\" alt=\"006_dscn1396\" style=\"max-width: 600px; max-height: 400px; width: auto; height:auto; margin:auto\"><img decoding=\"async\" src=\"http:\/\/lorinoko.com\/wp-content\/gallery\/black-wine-almondica-collection\/007_dscn1405.jpg\" alt=\"007_dscn1405\" style=\"max-width: 600px; max-height: 400px; width: auto; height:auto; margin:auto\"><img decoding=\"async\" src=\"http:\/\/lorinoko.com\/wp-content\/gallery\/black-wine-almondica-collection\/008_dscn1413.jpg\" alt=\"008_dscn1413\" style=\"max-width: 600px; max-height: 400px; width: auto; height:auto; margin:auto\"><img decoding=\"async\" src=\"http:\/\/lorinoko.com\/wp-content\/gallery\/black-wine-almondica-collection\/009_dscn1868.jpg\" alt=\"009_dscn1868\" style=\"max-width: 600px; max-height: 400px; width: auto; height:auto; margin:auto\"><\/div><\/div>\n\n<script type=\"text\/javascript\">jQuery(document).ready(function($) {\r\n\t\t\tvar owl = $('#ngg_slideshow3715821');\r\n\t\t\towl.owlCarousel({\r\n\t\t\t\titems: 1,\r\n\t\t\t\tautoHeight: false,\r\n\t            dots: false,\r\n\t            autoplay: true,\r\n\t\t\t\tautoplayTimeout: 4000,\r\n\t\t\t\tautoplayHoverPause: true,\r\n\t\t\t\tanimateIn: 'fadeIn',\r\n\t\t\t\tanimateOut: 'fadeOut',\r\n\t\t\t\tloop: true,\r\n\t\t\t\tmouseDrag: true,\r\n\t\t\t\ttouchDrag: true\r\n\t\t\t});\nowl.click( function () {\r\n                    owl.trigger( 'next.owl.carousel' );\r\n                } );});\n<\/script>\n","protected":false},"excerpt":{"rendered":"<p>Suk\u0148a Black Wine Almondica predstavuje kombin\u00e1ciu melancholicky laden\u00e9ho materi\u00e1lu patchworkov\u00e9ho typu spolu s \u010diernou a v\u00ednovou farbou. Materi\u00e1ly su zladen\u00e9 pridan\u00edm vrstvy \u010dierneho tylu, ktor\u00fd rob\u00ed zdoben\u00fa \u010das\u0165 s\u00favislej\u0161ou a tak vynikne aj na pozad\u00ed r\u00f4znorod\u00e9ho z\u00e1kladn\u00e9ho materi\u00e1lu. P\u00e1s je &hellip; <a href=\"http:\/\/lorinoko.com\/?page_id=1582\">Continue reading <span class=\"meta-nav\">&rarr;<\/span><\/a><\/p>\n","protected":false},"author":1,"featured_media":0,"parent":1935,"menu_order":0,"comment_status":"open","ping_status":"closed","template":"","meta":{"_monsterinsights_skip_tracking":false,"_monsterinsights_sitenote_active":false,"_monsterinsights_sitenote_note":"","_monsterinsights_sitenote_category":0,"footnotes":""},"class_list":["post-1582","page","type-page","status-publish","hentry"],"_links":{"self":[{"href":"http:\/\/lorinoko.com\/index.php?rest_route=\/wp\/v2\/pages\/1582","targetHints":{"allow":["GET"]}}],"collection":[{"href":"http:\/\/lorinoko.com\/index.php?rest_route=\/wp\/v2\/pages"}],"about":[{"href":"http:\/\/lorinoko.com\/index.php?rest_route=\/wp\/v2\/types\/page"}],"author":[{"embeddable":true,"href":"http:\/\/lorinoko.com\/index.php?rest_route=\/wp\/v2\/users\/1"}],"replies":[{"embeddable":true,"href":"http:\/\/lorinoko.com\/index.php?rest_route=%2Fwp%2Fv2%2Fcomments&post=1582"}],"version-history":[{"count":9,"href":"http:\/\/lorinoko.com\/index.php?rest_route=\/wp\/v2\/pages\/1582\/revisions"}],"predecessor-version":[{"id":3456,"href":"http:\/\/lorinoko.com\/index.php?rest_route=\/wp\/v2\/pages\/1582\/revisions\/3456"}],"up":[{"embeddable":true,"href":"http:\/\/lorinoko.com\/index.php?rest_route=\/wp\/v2\/pages\/1935"}],"wp:attachment":[{"href":"http:\/\/lorinoko.com\/index.php?rest_route=%2Fwp%2Fv2%2Fmedia&parent=1582"}],"curies":[{"name":"wp","href":"https:\/\/api.w.org\/{rel}","templated":true}]}}