{"id":1566,"date":"2013-12-04T11:22:00","date_gmt":"2013-12-04T10:22:00","guid":{"rendered":"http:\/\/lorinoko.com\/?page_id=1566"},"modified":"2014-07-22T23:37:58","modified_gmt":"2014-07-22T22:37:58","slug":"aktualna-ponuka-vyrobkov-lorinoko-v-predajni","status":"publish","type":"page","link":"http:\/\/lorinoko.com\/?page_id=1566","title":{"rendered":"Aktu\u00e1lna ponuka v\u00fdrobkov Lorinoko v predajni"},"content":{"rendered":"<p><img loading=\"lazy\" decoding=\"async\" class=\"size-medium wp-image-3657 alignnone\" src=\"http:\/\/lorinoko.com\/wp-content\/uploads\/2013\/12\/pd-prodejna1-300x225.jpg\" alt=\"pd-prodejna1\" width=\"300\" height=\"225\" srcset=\"http:\/\/lorinoko.com\/wp-content\/uploads\/2013\/12\/pd-prodejna1-300x225.jpg 300w, http:\/\/lorinoko.com\/wp-content\/uploads\/2013\/12\/pd-prodejna1.jpg 800w\" sizes=\"auto, (max-width: 300px) 100vw, 300px\" \/> <img loading=\"lazy\" decoding=\"async\" class=\"size-medium wp-image-3658 alignnone\" src=\"http:\/\/lorinoko.com\/wp-content\/uploads\/2013\/12\/pd-prodejna2-300x225.jpg\" alt=\"pd-prodejna2\" width=\"300\" height=\"225\" srcset=\"http:\/\/lorinoko.com\/wp-content\/uploads\/2013\/12\/pd-prodejna2-300x225.jpg 300w, http:\/\/lorinoko.com\/wp-content\/uploads\/2013\/12\/pd-prodejna2.jpg 800w\" sizes=\"auto, (max-width: 300px) 100vw, 300px\" \/><\/p>\n<p>Na tejto str\u00e1nke n\u00e1jdete zoznam vec\u00ed, ktor\u00e9 s\u00fa aktu\u00e1lne dostupn\u00e9 na predaj v kamennej predajni Porcelain Doll v Olomouci.<\/p>\n<p style=\"text-align: justify;\"><strong>Aktu\u00e1lna ponuka:<\/strong><\/p>\n<p style=\"text-align: justify;\">\r\n<div class=\"ngg-albumoverview\">\t\r\n\t<!-- List of galleries -->\r\n\t\r\n\t<div class=\"ngg-album\">\r\n\t\t<div class=\"ngg-albumtitle\"><a href=\"http:\/\/lorinoko.com\/?page_id=3025\">Atrata Sweet Pinku Cuffs (Collection)<\/a><\/div>\r\n\t\t\t<div class=\"ngg-albumcontent\">\r\n\t\t\t\t<div class=\"ngg-thumbnail\">\r\n\t\t\t\t\t<a href=\"http:\/\/lorinoko.com\/?page_id=3025\"><img decoding=\"async\" class=\"Thumb\" alt=\"Atrata Sweet Pinku Cuffs (Collection)\" src=\"http:\/\/lorinoko.com\/wp-content\/gallery\/atrata-sweet-pinku-cuffs-collection\/thumbs\/thumbs_001_dscn2350.jpg\"\/><\/a>\r\n\t\t\t\t<\/div>\r\n\t\t\t\t<div class=\"ngg-description\">\r\n\t\t\t\t<p>Bitterwseet kolekcia Atrata Sweet je charakteristick\u00e1 \u010diernym bavlnen\u00fdm z\u00e1kladom a bohat\u00fdm zdoben\u00edm \u0161irok\u00fdmi sweet stu\u017ekami v dvoch farebn\u00fdch verzi\u00e1ch. Ozdobn\u00e9 n\u00e1ramky ktor\u00e9 ladia k ru\u017eovej verzii s\u00fa zhotoven\u00e9 zo \u0161irokej bavlnenej \u010dipky a identickej stu\u017eky pou\u017eitej ako pri sukni. Rovnako s\u00fa zdoben\u00e9 identickou ma\u0161li\u010dkou zo stu\u017eiek.<\/p>\r\n\t\t\t\t\t\t\t\t<p><strong>6<\/strong> Photos<\/p>\r\n\t\t\t\t\t\t\t<\/div>\r\n\t\t<\/div>\r\n\t<\/div>\r\n\r\n \t\r\n\t<div class=\"ngg-album\">\r\n\t\t<div class=\"ngg-albumtitle\"><a href=\"http:\/\/lorinoko.com\/?page_id=1712\">Blue Romancia Headband<\/a><\/div>\r\n\t\t\t<div class=\"ngg-albumcontent\">\r\n\t\t\t\t<div class=\"ngg-thumbnail\">\r\n\t\t\t\t\t<a href=\"http:\/\/lorinoko.com\/?page_id=1712\"><img decoding=\"async\" class=\"Thumb\" alt=\"Blue Romancia Headband\" src=\"http:\/\/lorinoko.com\/wp-content\/gallery\/blue-romancia-headband\/thumbs\/thumbs_001_dscn1325.jpg\"\/><\/a>\r\n\t\t\t\t<\/div>\r\n\t\t\t\t<div class=\"ngg-description\">\r\n\t\t\t\t<p>Jedna z dvoji\u010diek v nevinne p\u00f4sobiacej bielej kombin\u00e1cii s baby-blue belasou \u010dipkou, stu\u017ekami a kr\u00e1sne zdobenou modrobielou stuhou s kvetinkami. Lemovan\u00e1 je belaso-bielou bavlnenou madeirou.<\/p>\r\n\t\t\t\t\t\t\t\t<p><strong>5<\/strong> Photos<\/p>\r\n\t\t\t\t\t\t\t<\/div>\r\n\t\t<\/div>\r\n\t<\/div>\r\n\r\n \t\r\n\t<div class=\"ngg-album\">\r\n\t\t<div class=\"ngg-albumtitle\"><a href=\"http:\/\/lorinoko.com\/?page_id=3780\">Blue Romancia Black<\/a><\/div>\r\n\t\t\t<div class=\"ngg-albumcontent\">\r\n\t\t\t\t<div class=\"ngg-thumbnail\">\r\n\t\t\t\t\t<a href=\"http:\/\/lorinoko.com\/?page_id=3780\"><img decoding=\"async\" class=\"Thumb\" alt=\"Blue Romancia Black\" src=\"http:\/\/lorinoko.com\/wp-content\/gallery\/blue-romancia-black\/thumbs\/thumbs_p1020035.jpg\"\/><\/a>\r\n\t\t\t\t<\/div>\r\n\t\t\t\t<div class=\"ngg-description\">\r\n\t\t\t\t<p>\u010cierno laden\u00e1 ma\u0161\u013ea do vlasov, materi\u00e1lom aj dizajnom takmer identick\u00e1 s bielou verziou Blue Romancia Headband. Zdoben\u00e1 je belasou \u010dipkou, stu\u017ekami a kr\u00e1sne zdobenou modrobielou stuhou s kvetinkami. Lemovan\u00e1 je belasou bavlnenou \u010dipkou.<\/p>\r\n\t\t\t\t\t\t\t\t<p><strong>8<\/strong> Photos<\/p>\r\n\t\t\t\t\t\t\t<\/div>\r\n\t\t<\/div>\r\n\t<\/div>\r\n\r\n \t\r\n\t<div class=\"ngg-album\">\r\n\t\t<div class=\"ngg-albumtitle\"><a href=\"http:\/\/lorinoko.com\/?page_id=3838\">Cuffs Soft Kuroi<\/a><\/div>\r\n\t\t\t<div class=\"ngg-albumcontent\">\r\n\t\t\t\t<div class=\"ngg-thumbnail\">\r\n\t\t\t\t\t<a href=\"http:\/\/lorinoko.com\/?page_id=3838\"><img decoding=\"async\" class=\"Thumb\" alt=\"Cuffs Soft Kuroi\" src=\"http:\/\/lorinoko.com\/wp-content\/gallery\/cuffs-soft-kuroi\/thumbs\/thumbs_p1020005.jpg\"\/><\/a>\r\n\t\t\t\t<\/div>\r\n\t\t\t\t<div class=\"ngg-description\">\r\n\t\t\t\t<p>\u010cierne elegantn\u00e9 n\u00e1ramky na z\u00e1p\u00e4stia zhotoven\u00e9 z \u010diernej polopriesvitnej organzy, sat\u00e9nov\u00fdch stu\u017eiek a trojakej vzorovanej \u010dipky. Pru\u017enos\u0165 dod\u00e1va v\u0161it\u00e1 gumi\u010dka po obvode a vn\u00fatorn\u00e1 strana je za\u010disten\u00e1 k\u00faskom sat\u00e9novej stuhy. Vhodn\u00e9 s\u00fa ku \u010dierno laden\u00fdm gotick\u00fdm typom oble\u010denia, \u010di u\u017e je to Gothic\/Kuro Lolita alebo \u0161t\u00fdlom temnej\u0161ie elegantn\u00fdm (EGL, Goth, Classic).<\/p>\r\n\t\t\t\t\t\t\t\t<p><strong>8<\/strong> Photos<\/p>\r\n\t\t\t\t\t\t\t<\/div>\r\n\t\t<\/div>\r\n\t<\/div>\r\n\r\n \t\r\n\t<div class=\"ngg-album\">\r\n\t\t<div class=\"ngg-albumtitle\"><a href=\"http:\/\/lorinoko.com\/?page_id=4175\">Ginkuro - dvojit\u00fd hrebienok<\/a><\/div>\r\n\t\t\t<div class=\"ngg-albumcontent\">\r\n\t\t\t\t<div class=\"ngg-thumbnail\">\r\n\t\t\t\t\t<a href=\"http:\/\/lorinoko.com\/?page_id=4175\"><img decoding=\"async\" class=\"Thumb\" alt=\"Ginkuro - dvojit\u00fd hrebienok\" src=\"http:\/\/lorinoko.com\/wp-content\/gallery\/ginkuro-dvojity-hrebienok\/thumbs\/thumbs_p1040148.jpg\"\/><\/a>\r\n\t\t\t\t<\/div>\r\n\t\t\t\t<div class=\"ngg-description\">\r\n\t\t\t\t<p>Dvojit\u00fd hrebienok je tvoren\u00fd z \u010dierneho bavlnen\u00e9ho z\u00e1kladu a \u010diernej \u010dipky. Strieborn\u00e9 zdobenie tvor\u00ed stredov\u00e1 stu\u017eka, dvojit\u00e1 retiazka a pr\u00edvesky v tvare hviezdi\u010diek. Ka\u017ed\u00fd kus m\u00e1 malink\u00fd pr\u00eddavn\u00fd pr\u00edvesok in\u00e9ho tvaru.<\/p>\r\n\t\t\t\t\t\t\t\t<p><strong>9<\/strong> Photos<\/p>\r\n\t\t\t\t\t\t\t<\/div>\r\n\t\t<\/div>\r\n\t<\/div>\r\n\r\n \t\r\n\t<div class=\"ngg-album\">\r\n\t\t<div class=\"ngg-albumtitle\"><a href=\"http:\/\/lorinoko.com\/?page_id=4155\">Hoshizora I.<\/a><\/div>\r\n\t\t\t<div class=\"ngg-albumcontent\">\r\n\t\t\t\t<div class=\"ngg-thumbnail\">\r\n\t\t\t\t\t<a href=\"http:\/\/lorinoko.com\/?page_id=4155\"><img decoding=\"async\" class=\"Thumb\" alt=\"Hoshizora I.\" src=\"http:\/\/lorinoko.com\/wp-content\/gallery\/hoshizora-i\/thumbs\/thumbs_p1040174.jpg\"\/><\/a>\r\n\t\t\t\t<\/div>\r\n\t\t\t\t<div class=\"ngg-description\">\r\n\t\t\t\t<p>Hrebienok s kr\u00e1snym svetlomodr\u00fdm z\u00e1kladom s potla\u010dou no\u010dnej hviezdnej oblohy. Doplnen\u00fd bielou \u010dipkou, striebornou stu\u017ekou a retiazkou s ozdobn\u00fdmi hviezdi\u010dkami.<\/p>\r\n\t\t\t\t\t\t\t\t<p><strong>4<\/strong> Photos<\/p>\r\n\t\t\t\t\t\t\t<\/div>\r\n\t\t<\/div>\r\n\t<\/div>\r\n\r\n \t\r\n\t<div class=\"ngg-album\">\r\n\t\t<div class=\"ngg-albumtitle\"><a href=\"http:\/\/lorinoko.com\/?page_id=4143\">Lilian Garden Butterfly<\/a><\/div>\r\n\t\t\t<div class=\"ngg-albumcontent\">\r\n\t\t\t\t<div class=\"ngg-thumbnail\">\r\n\t\t\t\t\t<a href=\"http:\/\/lorinoko.com\/?page_id=4143\"><img decoding=\"async\" class=\"Thumb\" alt=\"Lilian Garden Butterfly\" src=\"http:\/\/lorinoko.com\/wp-content\/gallery\/lilian-garden-butterfly\/thumbs\/thumbs_p1040538.jpg\"\/><\/a>\r\n\t\t\t\t<\/div>\r\n\t\t\t\t<div class=\"ngg-description\">\r\n\t\t\t\t<p>Hrebienok s ma\u0161\u013eou z ru\u017eovej potla\u010de k modelu Lilian Garden. \u0160irok\u00e1 dvojit\u00e1 ma\u0161\u013ea zdoben\u00e1 jemnou ru\u017eovou stu\u017ekou je stiahnut\u00e1 do tvaru rozprestret\u00fdch mot\u00fdl\u00edch kr\u00eddel.<\/p>\r\n\t\t\t\t\t\t\t\t<p><strong>4<\/strong> Photos<\/p>\r\n\t\t\t\t\t\t\t<\/div>\r\n\t\t<\/div>\r\n\t<\/div>\r\n\r\n \t\r\n\t<div class=\"ngg-album\">\r\n\t\t<div class=\"ngg-albumtitle\"><a href=\"http:\/\/lorinoko.com\/?page_id=4009\">Ornamentic Black Headband I<\/a><\/div>\r\n\t\t\t<div class=\"ngg-albumcontent\">\r\n\t\t\t\t<div class=\"ngg-thumbnail\">\r\n\t\t\t\t\t<a href=\"http:\/\/lorinoko.com\/?page_id=4009\"><img decoding=\"async\" class=\"Thumb\" alt=\"Ornamentic Black Headband I\" src=\"http:\/\/lorinoko.com\/wp-content\/gallery\/ornamentic-black-headband-i\/thumbs\/thumbs_001_p1030431.jpg\"\/><\/a>\r\n\t\t\t\t<\/div>\r\n\t\t\t\t<div class=\"ngg-description\">\r\n\t\t\t\t<p>Men\u0161ia jednoduch\u00e1 ma\u0161\u013ea z \u010diernej bavlny. Vynik\u00e1 v\u0161ak zdoben\u00edm \u0161irokou tmavomodrou stuhou s kr\u00e1snym tla\u010den\u00fdm vzorom kvet\u00edn a ornamentov v jemne fialovom odtieni, ktorej kraje s\u00fa pod\u0161it\u00e9 tenkou \u010diernou \u010dipkou. Celistvos\u0165 v\u00fdrobku uzatv\u00e1ra u\u017e\u0161ia verzia stu\u017eky, ktor\u00e1 je lepen\u00e1 po vonkaj\u0161om obvode plastovej \u010delenky. <\/p>\r\n\t\t\t\t\t\t\t\t<p><strong>7<\/strong> Photos<\/p>\r\n\t\t\t\t\t\t\t<\/div>\r\n\t\t<\/div>\r\n\t<\/div>\r\n\r\n \t\r\n\t<div class=\"ngg-album\">\r\n\t\t<div class=\"ngg-albumtitle\"><a href=\"http:\/\/lorinoko.com\/?page_id=3960\">RedLake Night Skirt<\/a><\/div>\r\n\t\t\t<div class=\"ngg-albumcontent\">\r\n\t\t\t\t<div class=\"ngg-thumbnail\">\r\n\t\t\t\t\t<a href=\"http:\/\/lorinoko.com\/?page_id=3960\"><img decoding=\"async\" class=\"Thumb\" alt=\"RedLake Night Skirt\" src=\"http:\/\/lorinoko.com\/wp-content\/gallery\/redlake-night-skirt\/thumbs\/thumbs_001_p1030359.jpg\"\/><\/a>\r\n\t\t\t\t<\/div>\r\n\t\t\t\t<div class=\"ngg-description\">\r\n\t\t\t\t<p>Suk\u0148a z bavlnenej \u010dervenej potla\u010de drobn\u00fdch bielych kvet\u00edn v kombin\u00e1cii s \u010diernym materi\u00e1lom rezonuje pocitom tichej noci nad jazerom, pravidelne sfarbovan\u00fdm z\u00e1padom slnka do \u010derven\u00e9ho \u0161atu. Elegantne je dotvoren\u00e1 \u0161irokou \u010diernou \u010dipkou, a zamatovou stuhou, ktor\u00e1 pocit ticha pokojnej noci umoc\u0148uje. Je vhodn\u00e1 k spolo\u010dnej kombin\u00e1cii s ma\u0161\u013eou do vlasov z kolekcie RedLake.<\/p>\r\n\t\t\t\t\t\t\t\t<p><strong>7<\/strong> Photos<\/p>\r\n\t\t\t\t\t\t\t<\/div>\r\n\t\t<\/div>\r\n\t<\/div>\r\n\r\n \t\r\n\t<div class=\"ngg-album\">\r\n\t\t<div class=\"ngg-albumtitle\"><a href=\"http:\/\/lorinoko.com\/?page_id=4171\">Shirohana<\/a><\/div>\r\n\t\t\t<div class=\"ngg-albumcontent\">\r\n\t\t\t\t<div class=\"ngg-thumbnail\">\r\n\t\t\t\t\t<a href=\"http:\/\/lorinoko.com\/?page_id=4171\"><img decoding=\"async\" class=\"Thumb\" alt=\"Shirohana\" src=\"http:\/\/lorinoko.com\/wp-content\/gallery\/shirohana\/thumbs\/thumbs_p1040456.jpg\"\/><\/a>\r\n\t\t\t\t<\/div>\r\n\t\t\t\t<div class=\"ngg-description\">\r\n\t\t\t\t<p>Hrebienok z bieleho z\u00e1kladu a potla\u010de \u010dervn\u00fdch kvet\u00edn. Je jednoducho zdoben\u00fd stu\u017ekou a \u010dipkou - obe v bielej farbe.<\/p>\r\n\t\t\t\t\t\t\t\t<p><strong>5<\/strong> Photos<\/p>\r\n\t\t\t\t\t\t\t<\/div>\r\n\t\t<\/div>\r\n\t<\/div>\r\n\r\n \t\r\n\t<div class=\"ngg-album\">\r\n\t\t<div class=\"ngg-albumtitle\"><a href=\"http:\/\/lorinoko.com\/?page_id=3905\">Silver White Choker I<\/a><\/div>\r\n\t\t\t<div class=\"ngg-albumcontent\">\r\n\t\t\t\t<div class=\"ngg-thumbnail\">\r\n\t\t\t\t\t<a href=\"http:\/\/lorinoko.com\/?page_id=3905\"><img decoding=\"async\" class=\"Thumb\" alt=\"Silver White Choker I\" src=\"http:\/\/lorinoko.com\/wp-content\/gallery\/silver-white-choker-i\/thumbs\/thumbs_001_p1020628.jpg\"\/><\/a>\r\n\t\t\t\t<\/div>\r\n\t\t\t\t<div class=\"ngg-description\">\r\n\t\t\t\t<p>S\u00e9ria troch snehovo-bielych obojkov z preva\u017ene bavlnenej \u010dipky a sat\u00e9nov\u00fdch stu\u017eiek. Ka\u017ed\u00fd je zdoben\u00fd \u0161pecificky rozdielne pomocou umel\u00fdch strieborn\u00fdch perli\u010diek, sat\u00e9nov\u00fdch ma\u0161li\u010diek a bielych ozd\u00f4b v tvare ma\u0161l\u00ed \u010di drobn\u00fdch kovov\u00fdch srdie\u010dok. <\/p>\r\n\t\t\t\t\t\t\t\t<p><strong>6<\/strong> Photos<\/p>\r\n\t\t\t\t\t\t\t<\/div>\r\n\t\t<\/div>\r\n\t<\/div>\r\n\r\n \t\r\n\t<div class=\"ngg-album\">\r\n\t\t<div class=\"ngg-albumtitle\"><a href=\"http:\/\/lorinoko.com\/?page_id=3911\">Silver White Choker II<\/a><\/div>\r\n\t\t\t<div class=\"ngg-albumcontent\">\r\n\t\t\t\t<div class=\"ngg-thumbnail\">\r\n\t\t\t\t\t<a href=\"http:\/\/lorinoko.com\/?page_id=3911\"><img decoding=\"async\" class=\"Thumb\" alt=\"Silver White Choker II\" src=\"http:\/\/lorinoko.com\/wp-content\/gallery\/silver-white-choker-ii\/thumbs\/thumbs_001_p1020633.jpg\"\/><\/a>\r\n\t\t\t\t<\/div>\r\n\t\t\t\t<div class=\"ngg-description\">\r\n\t\t\t\t<p>S\u00e9ria troch snehovo-bielych obojkov z preva\u017ene bavlnenej \u010dipky a sat\u00e9nov\u00fdch stu\u017eiek. Ka\u017ed\u00fd je zdoben\u00fd \u0161pecificky rozdielne pomocou umel\u00fdch strieborn\u00fdch perli\u010diek, sat\u00e9nov\u00fdch ma\u0161li\u010diek a bielych ozd\u00f4b v tvare ma\u0161l\u00ed \u010di drobn\u00fdch kovov\u00fdch srdie\u010dok. <\/p>\r\n\t\t\t\t\t\t\t\t<p><strong>7<\/strong> Photos<\/p>\r\n\t\t\t\t\t\t\t<\/div>\r\n\t\t<\/div>\r\n\t<\/div>\r\n\r\n \t\r\n\t<div class=\"ngg-album\">\r\n\t\t<div class=\"ngg-albumtitle\"><a href=\"http:\/\/lorinoko.com\/?page_id=3824\">Sunset RedLake Headband<\/a><\/div>\r\n\t\t\t<div class=\"ngg-albumcontent\">\r\n\t\t\t\t<div class=\"ngg-thumbnail\">\r\n\t\t\t\t\t<a href=\"http:\/\/lorinoko.com\/?page_id=3824\"><img decoding=\"async\" class=\"Thumb\" alt=\"Sunset RedLake Headband\" src=\"http:\/\/lorinoko.com\/wp-content\/gallery\/sunset-redlake-headband\/thumbs\/thumbs_p1020717.jpg\"\/><\/a>\r\n\t\t\t\t<\/div>\r\n\t\t\t\t<div class=\"ngg-description\">\r\n\t\t\t\t<p>Dvojit\u00e1 ma\u0161\u013ea do vlasov v \u010dervenej farbe zapadaj\u00faceho slnka a bl\u00ed\u017eiacej sa \u010diernej noci nad pokojnou hladinou jazera. Bavelnen\u00fd z\u00e1kladn\u00fd materi\u00e1l m\u00e1 zdoben\u00fd \u010diernou zamatovou stuhou a trojakou \u010diernou \u010dipkou z umel\u00e9ho hodv\u00e1bu, syntetiky a bavlny. Vhodn\u00e1 ku klasickej lolite.<\/p>\r\n\t\t\t\t\t\t\t\t<p><strong>6<\/strong> Photos<\/p>\r\n\t\t\t\t\t\t\t<\/div>\r\n\t\t<\/div>\r\n\t<\/div>\r\n\r\n \t\r\n\t<div class=\"ngg-album\">\r\n\t\t<div class=\"ngg-albumtitle\"><a href=\"http:\/\/lorinoko.com\/?page_id=4003\">White Romantica Headband<\/a><\/div>\r\n\t\t\t<div class=\"ngg-albumcontent\">\r\n\t\t\t\t<div class=\"ngg-thumbnail\">\r\n\t\t\t\t\t<a href=\"http:\/\/lorinoko.com\/?page_id=4003\"><img decoding=\"async\" class=\"Thumb\" alt=\"White Romantica Headband\" src=\"http:\/\/lorinoko.com\/wp-content\/gallery\/white-romantica-headband\/thumbs\/thumbs_001_p1030424.jpg\"\/><\/a>\r\n\t\t\t\t<\/div>\r\n\t\t\t\t<div class=\"ngg-description\">\r\n\t\t\t\t<p>Dvojit\u00e1 ma\u0161\u013ea z bielej bavlny zdoben\u00e1 dvojakou \u010dipkou a kr\u00e1snou \u0161irokou stuhou jarn\u00fdch farieb a kvetov. Vrchn\u00e1 ma\u0161\u013ea je skr\u00e1\u0161len\u00e1 dvojitou radou ru\u010dne na\u0161itej kvetinovej aplik\u00e1cie.\r\n<\/p>\r\n\t\t\t\t\t\t\t\t<p><strong>7<\/strong> Photos<\/p>\r\n\t\t\t\t\t\t\t<\/div>\r\n\t\t<\/div>\r\n\t<\/div>\r\n\r\n \t \t\r\n\t<!-- Pagination -->\r\n \t<div class=\"ngg-clear\"><\/div> \t\r\n<\/div>\r\n\r\n<\/p>\n","protected":false},"excerpt":{"rendered":"<p>Na tejto str\u00e1nke n\u00e1jdete zoznam vec\u00ed, ktor\u00e9 s\u00fa aktu\u00e1lne dostupn\u00e9 na predaj v kamennej predajni Porcelain Doll v Olomouci. Aktu\u00e1lna ponuka:<\/p>\n","protected":false},"author":1,"featured_media":0,"parent":0,"menu_order":3,"comment_status":"open","ping_status":"closed","template":"","meta":{"_monsterinsights_skip_tracking":false,"_monsterinsights_sitenote_active":false,"_monsterinsights_sitenote_note":"","_monsterinsights_sitenote_category":0,"footnotes":""},"class_list":["post-1566","page","type-page","status-publish","hentry"],"_links":{"self":[{"href":"http:\/\/lorinoko.com\/index.php?rest_route=\/wp\/v2\/pages\/1566","targetHints":{"allow":["GET"]}}],"collection":[{"href":"http:\/\/lorinoko.com\/index.php?rest_route=\/wp\/v2\/pages"}],"about":[{"href":"http:\/\/lorinoko.com\/index.php?rest_route=\/wp\/v2\/types\/page"}],"author":[{"embeddable":true,"href":"http:\/\/lorinoko.com\/index.php?rest_route=\/wp\/v2\/users\/1"}],"replies":[{"embeddable":true,"href":"http:\/\/lorinoko.com\/index.php?rest_route=%2Fwp%2Fv2%2Fcomments&post=1566"}],"version-history":[{"count":15,"href":"http:\/\/lorinoko.com\/index.php?rest_route=\/wp\/v2\/pages\/1566\/revisions"}],"predecessor-version":[{"id":3659,"href":"http:\/\/lorinoko.com\/index.php?rest_route=\/wp\/v2\/pages\/1566\/revisions\/3659"}],"wp:attachment":[{"href":"http:\/\/lorinoko.com\/index.php?rest_route=%2Fwp%2Fv2%2Fmedia&parent=1566"}],"curies":[{"name":"wp","href":"https:\/\/api.w.org\/{rel}","templated":true}]}}