{"id":1463,"date":"2013-09-24T10:54:21","date_gmt":"2013-09-24T09:54:21","guid":{"rendered":"http:\/\/intarbutt.info\/lorinoko\/?page_id=1463"},"modified":"2014-05-21T17:19:32","modified_gmt":"2014-05-21T16:19:32","slug":"sukna-caeruliana","status":"publish","type":"page","link":"http:\/\/lorinoko.com\/?page_id=1463","title":{"rendered":"Caeruliana"},"content":{"rendered":"<p style=\"text-align: justify;\">Kr\u00e1sna modr\u00e1 kvetinov\u00e1 potla\u010d z holandskej produkcie v limitovanom mno\u017estve na bielom podklade v kombin\u00e1cii s \u010fal\u0161\u00edm bavlnen\u00fdm materi\u00e1lom v bielom preveden\u00ed. Zdobenie je vyhotoven\u00e9 z\u00e1hybmi a dvojakou \u010dipkou v spodnej \u010dasti, bavlnenou madeirou na dolnom leme a dekor\u00e1ciou dvojit\u00fdm materi\u00e1lom v p\u00e1se.<br \/>\n<strong>Materi\u00e1l:<\/strong> l\u00e1tky bavlna, \u010dipka a madeira bavlna<br \/>\n<strong>Obvod p\u00e1su:<\/strong> 55-105 cm<br \/>\n<strong>D\u013a\u017eka sukne:<\/strong> 49 cm<\/p>\n<p style=\"text-align: justify;\"><div class=\"slideshow\"><div id=\"ngg_slideshow3214631\" class=\"ngg-slideshow owl-carousel\" style=\"max-width: 600px; max-height: 400px;\"><img decoding=\"async\" src=\"http:\/\/lorinoko.com\/wp-content\/gallery\/caeruliana-skirt\/001_dscn0709.jpg\" alt=\"001_dscn0709\" style=\"max-width: 600px; max-height: 400px; width: auto; height:auto; margin:auto\"><img decoding=\"async\" src=\"http:\/\/lorinoko.com\/wp-content\/gallery\/caeruliana-skirt\/002_dscn0712.jpg\" alt=\"002_dscn0712\" style=\"max-width: 600px; max-height: 400px; width: auto; height:auto; margin:auto\"><img decoding=\"async\" src=\"http:\/\/lorinoko.com\/wp-content\/gallery\/caeruliana-skirt\/003_dscn0427.jpg\" alt=\"003_dscn0427\" style=\"max-width: 600px; max-height: 400px; width: auto; height:auto; margin:auto\"><img decoding=\"async\" src=\"http:\/\/lorinoko.com\/wp-content\/gallery\/caeruliana-skirt\/004_dscn0718.jpg\" alt=\"004_dscn0718\" style=\"max-width: 600px; max-height: 400px; width: auto; height:auto; margin:auto\"><img decoding=\"async\" src=\"http:\/\/lorinoko.com\/wp-content\/gallery\/caeruliana-skirt\/005_dscn0713.jpg\" alt=\"005_dscn0713\" style=\"max-width: 600px; max-height: 400px; width: auto; height:auto; margin:auto\"><img decoding=\"async\" src=\"http:\/\/lorinoko.com\/wp-content\/gallery\/caeruliana-skirt\/006_dscn0738.jpg\" alt=\"006_dscn0738\" style=\"max-width: 600px; max-height: 400px; width: auto; height:auto; margin:auto\"><\/div><\/div>\n\n<script type=\"text\/javascript\">jQuery(document).ready(function($) {\r\n\t\t\tvar owl = $('#ngg_slideshow3214631');\r\n\t\t\towl.owlCarousel({\r\n\t\t\t\titems: 1,\r\n\t\t\t\tautoHeight: false,\r\n\t            dots: false,\r\n\t            autoplay: true,\r\n\t\t\t\tautoplayTimeout: 4000,\r\n\t\t\t\tautoplayHoverPause: true,\r\n\t\t\t\tanimateIn: 'fadeIn',\r\n\t\t\t\tanimateOut: 'fadeOut',\r\n\t\t\t\tloop: true,\r\n\t\t\t\tmouseDrag: true,\r\n\t\t\t\ttouchDrag: true\r\n\t\t\t});\nowl.click( function () {\r\n                    owl.trigger( 'next.owl.carousel' );\r\n                } );});\n<\/script><\/p>\n","protected":false},"excerpt":{"rendered":"<p>Kr\u00e1sna modr\u00e1 kvetinov\u00e1 potla\u010d z holandskej produkcie v limitovanom mno\u017estve na bielom podklade v kombin\u00e1cii s \u010fal\u0161\u00edm bavlnen\u00fdm materi\u00e1lom v bielom preveden\u00ed. Zdobenie je vyhotoven\u00e9 z\u00e1hybmi a dvojakou \u010dipkou v spodnej \u010dasti, bavlnenou madeirou na dolnom leme a dekor\u00e1ciou dvojit\u00fdm &hellip; <a href=\"http:\/\/lorinoko.com\/?page_id=1463\">Continue reading <span class=\"meta-nav\">&rarr;<\/span><\/a><\/p>\n","protected":false},"author":1,"featured_media":0,"parent":78,"menu_order":0,"comment_status":"open","ping_status":"closed","template":"","meta":{"_monsterinsights_skip_tracking":false,"_monsterinsights_sitenote_active":false,"_monsterinsights_sitenote_note":"","_monsterinsights_sitenote_category":0,"footnotes":""},"class_list":["post-1463","page","type-page","status-publish","hentry"],"_links":{"self":[{"href":"http:\/\/lorinoko.com\/index.php?rest_route=\/wp\/v2\/pages\/1463","targetHints":{"allow":["GET"]}}],"collection":[{"href":"http:\/\/lorinoko.com\/index.php?rest_route=\/wp\/v2\/pages"}],"about":[{"href":"http:\/\/lorinoko.com\/index.php?rest_route=\/wp\/v2\/types\/page"}],"author":[{"embeddable":true,"href":"http:\/\/lorinoko.com\/index.php?rest_route=\/wp\/v2\/users\/1"}],"replies":[{"embeddable":true,"href":"http:\/\/lorinoko.com\/index.php?rest_route=%2Fwp%2Fv2%2Fcomments&post=1463"}],"version-history":[{"count":7,"href":"http:\/\/lorinoko.com\/index.php?rest_route=\/wp\/v2\/pages\/1463\/revisions"}],"predecessor-version":[{"id":3400,"href":"http:\/\/lorinoko.com\/index.php?rest_route=\/wp\/v2\/pages\/1463\/revisions\/3400"}],"up":[{"embeddable":true,"href":"http:\/\/lorinoko.com\/index.php?rest_route=\/wp\/v2\/pages\/78"}],"wp:attachment":[{"href":"http:\/\/lorinoko.com\/index.php?rest_route=%2Fwp%2Fv2%2Fmedia&parent=1463"}],"curies":[{"name":"wp","href":"https:\/\/api.w.org\/{rel}","templated":true}]}}