{"id":1415,"date":"2013-07-23T14:04:50","date_gmt":"2013-07-23T13:04:50","guid":{"rendered":"http:\/\/intarbutt.info\/lorinoko\/?page_id=1415"},"modified":"2014-05-21T19:02:33","modified_gmt":"2014-05-21T18:02:33","slug":"black-rose-collection-headband","status":"publish","type":"page","link":"http:\/\/lorinoko.com\/?page_id=1415","title":{"rendered":"Black Rose Headband"},"content":{"rendered":"<p style=\"text-align: justify;\">Jednoduch\u00e1 \u010delenka s ma\u0161\u013eou a ru\u010dne vyrobenou ozdobou, v\u0161etko v plne \u010diernom preveden\u00ed kolekcie Black Rose.<\/p>\n<div class=\"slideshow\"><div id=\"ngg_slideshow4714151\" class=\"ngg-slideshow owl-carousel\" style=\"max-width: 600px; max-height: 400px;\"><img decoding=\"async\" src=\"http:\/\/lorinoko.com\/wp-content\/gallery\/black-rose-headband-collection\/000_black-rose-logo_2.jpg\" alt=\"000_black-rose-logo_2\" style=\"max-width: 600px; max-height: 400px; width: auto; height:auto; margin:auto\"><img decoding=\"async\" src=\"http:\/\/lorinoko.com\/wp-content\/gallery\/black-rose-headband-collection\/001_dscn2984_2.jpg\" alt=\"001_dscn2984_2\" style=\"max-width: 600px; max-height: 400px; width: auto; height:auto; margin:auto\"><img decoding=\"async\" src=\"http:\/\/lorinoko.com\/wp-content\/gallery\/black-rose-headband-collection\/002_dscn2985_2.jpg\" alt=\"002_dscn2985_2\" style=\"max-width: 600px; max-height: 400px; width: auto; height:auto; margin:auto\"><img decoding=\"async\" src=\"http:\/\/lorinoko.com\/wp-content\/gallery\/black-rose-headband-collection\/003_dscn2986_2.jpg\" alt=\"003_dscn2986_2\" style=\"max-width: 600px; max-height: 400px; width: auto; height:auto; margin:auto\"><img decoding=\"async\" src=\"http:\/\/lorinoko.com\/wp-content\/gallery\/black-rose-headband-collection\/004_dscn2992_2.jpg\" alt=\"004_dscn2992_2\" style=\"max-width: 600px; max-height: 400px; width: auto; height:auto; margin:auto\"><\/div><\/div>\n\n<script type=\"text\/javascript\">jQuery(document).ready(function($) {\r\n\t\t\tvar owl = $('#ngg_slideshow4714151');\r\n\t\t\towl.owlCarousel({\r\n\t\t\t\titems: 1,\r\n\t\t\t\tautoHeight: false,\r\n\t            dots: false,\r\n\t            autoplay: true,\r\n\t\t\t\tautoplayTimeout: 4000,\r\n\t\t\t\tautoplayHoverPause: true,\r\n\t\t\t\tanimateIn: 'fadeIn',\r\n\t\t\t\tanimateOut: 'fadeOut',\r\n\t\t\t\tloop: true,\r\n\t\t\t\tmouseDrag: true,\r\n\t\t\t\ttouchDrag: true\r\n\t\t\t});\nowl.click( function () {\r\n                    owl.trigger( 'next.owl.carousel' );\r\n                } );});\n<\/script>\n","protected":false},"excerpt":{"rendered":"<p>Jednoduch\u00e1 \u010delenka s ma\u0161\u013eou a ru\u010dne vyrobenou ozdobou, v\u0161etko v plne \u010diernom preveden\u00ed kolekcie Black Rose.<\/p>\n","protected":false},"author":1,"featured_media":0,"parent":1764,"menu_order":0,"comment_status":"open","ping_status":"closed","template":"","meta":{"_monsterinsights_skip_tracking":false,"_monsterinsights_sitenote_active":false,"_monsterinsights_sitenote_note":"","_monsterinsights_sitenote_category":0,"footnotes":""},"class_list":["post-1415","page","type-page","status-publish","hentry"],"_links":{"self":[{"href":"http:\/\/lorinoko.com\/index.php?rest_route=\/wp\/v2\/pages\/1415","targetHints":{"allow":["GET"]}}],"collection":[{"href":"http:\/\/lorinoko.com\/index.php?rest_route=\/wp\/v2\/pages"}],"about":[{"href":"http:\/\/lorinoko.com\/index.php?rest_route=\/wp\/v2\/types\/page"}],"author":[{"embeddable":true,"href":"http:\/\/lorinoko.com\/index.php?rest_route=\/wp\/v2\/users\/1"}],"replies":[{"embeddable":true,"href":"http:\/\/lorinoko.com\/index.php?rest_route=%2Fwp%2Fv2%2Fcomments&post=1415"}],"version-history":[{"count":7,"href":"http:\/\/lorinoko.com\/index.php?rest_route=\/wp\/v2\/pages\/1415\/revisions"}],"predecessor-version":[{"id":3452,"href":"http:\/\/lorinoko.com\/index.php?rest_route=\/wp\/v2\/pages\/1415\/revisions\/3452"}],"up":[{"embeddable":true,"href":"http:\/\/lorinoko.com\/index.php?rest_route=\/wp\/v2\/pages\/1764"}],"wp:attachment":[{"href":"http:\/\/lorinoko.com\/index.php?rest_route=%2Fwp%2Fv2%2Fmedia&parent=1415"}],"curies":[{"name":"wp","href":"https:\/\/api.w.org\/{rel}","templated":true}]}}