{"id":1367,"date":"2013-07-14T11:13:08","date_gmt":"2013-07-14T10:13:08","guid":{"rendered":"http:\/\/intarbutt.info\/lorinoko\/?page_id=1367"},"modified":"2014-05-21T19:15:38","modified_gmt":"2014-05-21T18:15:38","slug":"biele-kvetinove-aristo-saty","status":"publish","type":"page","link":"http:\/\/lorinoko.com\/?page_id=1367","title":{"rendered":"Biele kvetinov\u00e9 aristo \u0161aty"},"content":{"rendered":"<p style=\"text-align: justify;\">\u0160aty s kvetinov\u00fdm vzorom a kombin\u00e1ciou svetl\u00fdch materi\u00e1lov, bohato zdoben\u00e9 mnohorakou \u010dipkou, riasen\u00edm a v\u00ednovo laden\u00fdmi stuhami a ma\u0161li\u010dkami. \u0160peci\u00e1lna objedn\u00e1vka pre Auru.<\/p>\n<div class=\"slideshow\"><div id=\"ngg_slideshow5213671\" class=\"ngg-slideshow owl-carousel\" style=\"max-width: 600px; max-height: 800px;\"><img decoding=\"async\" src=\"http:\/\/lorinoko.com\/wp-content\/gallery\/biele-kvetinove-aristo-saty\/001_dscn0062.jpg\" alt=\"001_dscn0062\" style=\"max-width: 600px; max-height: 800px; width: auto; height:auto; margin:auto\"><img decoding=\"async\" src=\"http:\/\/lorinoko.com\/wp-content\/gallery\/biele-kvetinove-aristo-saty\/002_dscn0186.jpg\" alt=\"002_dscn0186\" style=\"max-width: 600px; max-height: 800px; width: auto; height:auto; margin:auto\"><img decoding=\"async\" src=\"http:\/\/lorinoko.com\/wp-content\/gallery\/biele-kvetinove-aristo-saty\/003_dscn0195.jpg\" alt=\"003_dscn0195\" style=\"max-width: 600px; max-height: 800px; width: auto; height:auto; margin:auto\"><img decoding=\"async\" src=\"http:\/\/lorinoko.com\/wp-content\/gallery\/biele-kvetinove-aristo-saty\/004_dscn0206.jpg\" alt=\"004_dscn0206\" style=\"max-width: 600px; max-height: 800px; width: auto; height:auto; margin:auto\"><\/div><\/div>\n\n<script type=\"text\/javascript\">jQuery(document).ready(function($) {\r\n\t\t\tvar owl = $('#ngg_slideshow5213671');\r\n\t\t\towl.owlCarousel({\r\n\t\t\t\titems: 1,\r\n\t\t\t\tautoHeight: false,\r\n\t            dots: false,\r\n\t            autoplay: true,\r\n\t\t\t\tautoplayTimeout: 4000,\r\n\t\t\t\tautoplayHoverPause: true,\r\n\t\t\t\tanimateIn: 'fadeIn',\r\n\t\t\t\tanimateOut: 'fadeOut',\r\n\t\t\t\tloop: true,\r\n\t\t\t\tmouseDrag: true,\r\n\t\t\t\ttouchDrag: true\r\n\t\t\t});\nowl.click( function () {\r\n                    owl.trigger( 'next.owl.carousel' );\r\n                } );});\n<\/script>\n","protected":false},"excerpt":{"rendered":"<p>\u0160aty s kvetinov\u00fdm vzorom a kombin\u00e1ciou svetl\u00fdch materi\u00e1lov, bohato zdoben\u00e9 mnohorakou \u010dipkou, riasen\u00edm a v\u00ednovo laden\u00fdmi stuhami a ma\u0161li\u010dkami. \u0160peci\u00e1lna objedn\u00e1vka pre Auru.<\/p>\n","protected":false},"author":1,"featured_media":0,"parent":226,"menu_order":0,"comment_status":"open","ping_status":"open","template":"","meta":{"_monsterinsights_skip_tracking":false,"_monsterinsights_sitenote_active":false,"_monsterinsights_sitenote_note":"","_monsterinsights_sitenote_category":0,"footnotes":""},"class_list":["post-1367","page","type-page","status-publish","hentry"],"_links":{"self":[{"href":"http:\/\/lorinoko.com\/index.php?rest_route=\/wp\/v2\/pages\/1367","targetHints":{"allow":["GET"]}}],"collection":[{"href":"http:\/\/lorinoko.com\/index.php?rest_route=\/wp\/v2\/pages"}],"about":[{"href":"http:\/\/lorinoko.com\/index.php?rest_route=\/wp\/v2\/types\/page"}],"author":[{"embeddable":true,"href":"http:\/\/lorinoko.com\/index.php?rest_route=\/wp\/v2\/users\/1"}],"replies":[{"embeddable":true,"href":"http:\/\/lorinoko.com\/index.php?rest_route=%2Fwp%2Fv2%2Fcomments&post=1367"}],"version-history":[{"count":9,"href":"http:\/\/lorinoko.com\/index.php?rest_route=\/wp\/v2\/pages\/1367\/revisions"}],"predecessor-version":[{"id":3463,"href":"http:\/\/lorinoko.com\/index.php?rest_route=\/wp\/v2\/pages\/1367\/revisions\/3463"}],"up":[{"embeddable":true,"href":"http:\/\/lorinoko.com\/index.php?rest_route=\/wp\/v2\/pages\/226"}],"wp:attachment":[{"href":"http:\/\/lorinoko.com\/index.php?rest_route=%2Fwp%2Fv2%2Fmedia&parent=1367"}],"curies":[{"name":"wp","href":"https:\/\/api.w.org\/{rel}","templated":true}]}}