{"id":1290,"date":"2013-05-27T10:30:26","date_gmt":"2013-05-27T09:30:26","guid":{"rendered":"http:\/\/intarbutt.info\/lorinoko\/?page_id=1290"},"modified":"2014-05-21T18:52:11","modified_gmt":"2014-05-21T17:52:11","slug":"albica-atra-cuffs-shiroi","status":"publish","type":"page","link":"http:\/\/lorinoko.com\/?page_id=1290","title":{"rendered":"Albica-atra Cuffs: Shiroi"},"content":{"rendered":"<p style=\"text-align: justify;\">Zdoben\u00e9 n\u00e1ramky z kolekcie Albica-atra so z\u00e1kladom z bielej bavlnenej \u010dipky a ru\u010dne vyrobenej ozdoby zo sat\u00e9nov\u00fdch stu\u017eiek.<br \/>\n<strong>Materi\u00e1l:<\/strong> Bavlnen\u00e1 a elastick\u00e1 \u010dipka, sat\u00e9nov\u00e9 stuhy<br \/>\n<strong>Obvod z\u00e1p\u00e4stia: <\/strong>do 26cm<\/p>\n<div class=\"slideshow\"><div id=\"ngg_slideshow4412901\" class=\"ngg-slideshow owl-carousel\" style=\"max-width: 600px; max-height: 400px;\"><img decoding=\"async\" src=\"http:\/\/lorinoko.com\/wp-content\/gallery\/albica-atra-cuffs-shiroi\/dscn9161.jpg\" alt=\"dscn9161\" style=\"max-width: 600px; max-height: 400px; width: auto; height:auto; margin:auto\"><img decoding=\"async\" src=\"http:\/\/lorinoko.com\/wp-content\/gallery\/albica-atra-cuffs-shiroi\/dscn9162.jpg\" alt=\"dscn9162\" style=\"max-width: 600px; max-height: 400px; width: auto; height:auto; margin:auto\"><img decoding=\"async\" src=\"http:\/\/lorinoko.com\/wp-content\/gallery\/albica-atra-cuffs-shiroi\/dscn9164.jpg\" alt=\"dscn9164\" style=\"max-width: 600px; max-height: 400px; width: auto; height:auto; margin:auto\"><\/div><\/div>\n\n<script type=\"text\/javascript\">jQuery(document).ready(function($) {\r\n\t\t\tvar owl = $('#ngg_slideshow4412901');\r\n\t\t\towl.owlCarousel({\r\n\t\t\t\titems: 1,\r\n\t\t\t\tautoHeight: false,\r\n\t            dots: false,\r\n\t            autoplay: true,\r\n\t\t\t\tautoplayTimeout: 4000,\r\n\t\t\t\tautoplayHoverPause: true,\r\n\t\t\t\tanimateIn: 'fadeIn',\r\n\t\t\t\tanimateOut: 'fadeOut',\r\n\t\t\t\tloop: true,\r\n\t\t\t\tmouseDrag: true,\r\n\t\t\t\ttouchDrag: true\r\n\t\t\t});\nowl.click( function () {\r\n                    owl.trigger( 'next.owl.carousel' );\r\n                } );});\n<\/script>\n","protected":false},"excerpt":{"rendered":"<p>Zdoben\u00e9 n\u00e1ramky z kolekcie Albica-atra so z\u00e1kladom z bielej bavlnenej \u010dipky a ru\u010dne vyrobenej ozdoby zo sat\u00e9nov\u00fdch stu\u017eiek. Materi\u00e1l: Bavlnen\u00e1 a elastick\u00e1 \u010dipka, sat\u00e9nov\u00e9 stuhy Obvod z\u00e1p\u00e4stia: do 26cm<\/p>\n","protected":false},"author":1,"featured_media":0,"parent":1760,"menu_order":0,"comment_status":"open","ping_status":"closed","template":"","meta":{"_monsterinsights_skip_tracking":false,"_monsterinsights_sitenote_active":false,"_monsterinsights_sitenote_note":"","_monsterinsights_sitenote_category":0,"footnotes":""},"class_list":["post-1290","page","type-page","status-publish","hentry"],"_links":{"self":[{"href":"http:\/\/lorinoko.com\/index.php?rest_route=\/wp\/v2\/pages\/1290","targetHints":{"allow":["GET"]}}],"collection":[{"href":"http:\/\/lorinoko.com\/index.php?rest_route=\/wp\/v2\/pages"}],"about":[{"href":"http:\/\/lorinoko.com\/index.php?rest_route=\/wp\/v2\/types\/page"}],"author":[{"embeddable":true,"href":"http:\/\/lorinoko.com\/index.php?rest_route=\/wp\/v2\/users\/1"}],"replies":[{"embeddable":true,"href":"http:\/\/lorinoko.com\/index.php?rest_route=%2Fwp%2Fv2%2Fcomments&post=1290"}],"version-history":[{"count":10,"href":"http:\/\/lorinoko.com\/index.php?rest_route=\/wp\/v2\/pages\/1290\/revisions"}],"predecessor-version":[{"id":3439,"href":"http:\/\/lorinoko.com\/index.php?rest_route=\/wp\/v2\/pages\/1290\/revisions\/3439"}],"up":[{"embeddable":true,"href":"http:\/\/lorinoko.com\/index.php?rest_route=\/wp\/v2\/pages\/1760"}],"wp:attachment":[{"href":"http:\/\/lorinoko.com\/index.php?rest_route=%2Fwp%2Fv2%2Fmedia&parent=1290"}],"curies":[{"name":"wp","href":"https:\/\/api.w.org\/{rel}","templated":true}]}}