{"id":120,"date":"2011-10-10T14:08:59","date_gmt":"2011-10-10T13:08:59","guid":{"rendered":"http:\/\/intarbutt.info\/lorinoko\/?page_id=120"},"modified":"2014-01-29T20:13:53","modified_gmt":"2014-01-29T19:13:53","slug":"o-lorinoko","status":"publish","type":"page","link":"http:\/\/lorinoko.com\/?page_id=120","title":{"rendered":"O Lorinoko"},"content":{"rendered":"<p>Lorinoko je prv\u00e1 zna\u010dka svojho druhu na Slovensku. Vznikla v septembri 2011 a orientuje sa predov\u0161etk\u00fdm na oble\u010denie japonsk\u00e9ho <a href=\"http:\/\/gothiclolita.wz.cz\/clanek\/co_je_to_lolita\" target=\"_blank\">Lolita \u0161t\u00fdlu<\/a>. V\u0161etky v\u00fdrobky s\u00fa ru\u010dne \u0161it\u00e9, s aplikovan\u00edm dlhoro\u010dn\u00fdch sk\u00fasenost\u00ed a vzdelania v odevnej v\u00fdrobe. Moment\u00e1lne sa t\u00e1to zna\u010dka pozvo\u013ena orientuje na v\u00fdrobu sukn\u00ed a doplnkov vyu\u017eite\u013en\u00fdch nie len v Lolita \u0161t\u00fdle, ale aj na \u0161peci\u00e1lne objedn\u00e1vky pre jednotliv\u00fdch z\u00e1kazn\u00edkov. Do bud\u00facnosti pribudn\u00fa aj \u010fal\u0161ie zauj\u00edmav\u00e9 veci, ktor\u00e9 sn\u00e1\u010f pote\u0161ia ka\u017ed\u00e9ho, koho Lolita m\u00f3da o\u010darila.<\/p>\n<p>Taktie\u017e spolupracujeme s \u010fal\u0161\u00edmi zna\u010dkami venuj\u00facim sa lolite a podobn\u00fdm \u0161t\u00fdlom, preva\u017ene z \u010cR, napr\u00edklad <a href=\"http:\/\/www.porcelaindoll.cz\/\" target=\"_blank\">Porcelain Doll<\/a>, <a href=\"http:\/\/lolita-amber.blogspot.cz\/\" target=\"_blank\">Amber<\/a> \u010di <a href=\"http:\/\/bswcarousel.blogspot.sk\/\" target=\"_blank\">Bittersweet Carousel<\/a>. V bud\u00facnosti sme otvoern\u00ed podpore a spolupr\u00e1ci i s \u010fal\u0161\u00edmi indie zna\u010dkami z podobn\u00fdch smerov.<\/p>\n","protected":false},"excerpt":{"rendered":"<p>Lorinoko je prv\u00e1 zna\u010dka svojho druhu na Slovensku. Vznikla v septembri 2011 a orientuje sa predov\u0161etk\u00fdm na oble\u010denie japonsk\u00e9ho Lolita \u0161t\u00fdlu. V\u0161etky v\u00fdrobky s\u00fa ru\u010dne \u0161it\u00e9, s aplikovan\u00edm dlhoro\u010dn\u00fdch sk\u00fasenost\u00ed a vzdelania v odevnej v\u00fdrobe. Moment\u00e1lne sa t\u00e1to zna\u010dka pozvo\u013ena &hellip; <a href=\"http:\/\/lorinoko.com\/?page_id=120\">Continue reading <span class=\"meta-nav\">&rarr;<\/span><\/a><\/p>\n","protected":false},"author":1,"featured_media":0,"parent":1826,"menu_order":1,"comment_status":"open","ping_status":"closed","template":"","meta":{"_monsterinsights_skip_tracking":false,"_monsterinsights_sitenote_active":false,"_monsterinsights_sitenote_note":"","_monsterinsights_sitenote_category":0,"footnotes":""},"class_list":["post-120","page","type-page","status-publish","hentry"],"_links":{"self":[{"href":"http:\/\/lorinoko.com\/index.php?rest_route=\/wp\/v2\/pages\/120","targetHints":{"allow":["GET"]}}],"collection":[{"href":"http:\/\/lorinoko.com\/index.php?rest_route=\/wp\/v2\/pages"}],"about":[{"href":"http:\/\/lorinoko.com\/index.php?rest_route=\/wp\/v2\/types\/page"}],"author":[{"embeddable":true,"href":"http:\/\/lorinoko.com\/index.php?rest_route=\/wp\/v2\/users\/1"}],"replies":[{"embeddable":true,"href":"http:\/\/lorinoko.com\/index.php?rest_route=%2Fwp%2Fv2%2Fcomments&post=120"}],"version-history":[{"count":15,"href":"http:\/\/lorinoko.com\/index.php?rest_route=\/wp\/v2\/pages\/120\/revisions"}],"predecessor-version":[{"id":132,"href":"http:\/\/lorinoko.com\/index.php?rest_route=\/wp\/v2\/pages\/120\/revisions\/132"}],"up":[{"embeddable":true,"href":"http:\/\/lorinoko.com\/index.php?rest_route=\/wp\/v2\/pages\/1826"}],"wp:attachment":[{"href":"http:\/\/lorinoko.com\/index.php?rest_route=%2Fwp%2Fv2%2Fmedia&parent=120"}],"curies":[{"name":"wp","href":"https:\/\/api.w.org\/{rel}","templated":true}]}}