{"id":1181,"date":"2013-05-18T19:02:20","date_gmt":"2013-05-18T18:02:20","guid":{"rendered":"http:\/\/intarbutt.info\/lorinoko\/?page_id=1181"},"modified":"2014-05-21T18:13:47","modified_gmt":"2014-05-21T17:13:47","slug":"makkuro-headband","status":"publish","type":"page","link":"http:\/\/lorinoko.com\/?page_id=1181","title":{"rendered":"Makkuro Headband"},"content":{"rendered":"<p style=\"text-align: justify;\"><span style=\"color: #555555;\">Kompletne \u010dierna ma\u0161\u013ea s \u010delenkou v \u0161ir\u0161om prevedn\u00ed. Zdoben\u00e1 je sat\u00e9novou stu\u017ekou, dvojakou \u010dipkou a bavlnenou madeirou. Ve\u013emi ob\u013e\u00faben\u00e1 k r\u00f4znym tmav\u0161\u00edm \u0161t\u00fdlom.\u00a0<\/span><\/p>\n<div class=\"slideshow\"><div id=\"ngg_slideshow1511811\" class=\"ngg-slideshow owl-carousel\" style=\"max-width: 600px; max-height: 400px;\"><img decoding=\"async\" src=\"http:\/\/lorinoko.com\/wp-content\/gallery\/makkuro-headband\/dscn9200.jpg\" alt=\"dscn9200\" style=\"max-width: 600px; max-height: 400px; width: auto; height:auto; margin:auto\"><img decoding=\"async\" src=\"http:\/\/lorinoko.com\/wp-content\/gallery\/makkuro-headband\/dscn9207.jpg\" alt=\"dscn9207\" style=\"max-width: 600px; max-height: 400px; width: auto; height:auto; margin:auto\"><img decoding=\"async\" src=\"http:\/\/lorinoko.com\/wp-content\/gallery\/makkuro-headband\/dscn9211.jpg\" alt=\"dscn9211\" style=\"max-width: 600px; max-height: 400px; width: auto; height:auto; margin:auto\"><img decoding=\"async\" src=\"http:\/\/lorinoko.com\/wp-content\/gallery\/makkuro-headband\/dscn9214.jpg\" alt=\"dscn9214\" style=\"max-width: 600px; max-height: 400px; width: auto; height:auto; margin:auto\"><\/div><\/div>\n\n<script type=\"text\/javascript\">jQuery(document).ready(function($) {\r\n\t\t\tvar owl = $('#ngg_slideshow1511811');\r\n\t\t\towl.owlCarousel({\r\n\t\t\t\titems: 1,\r\n\t\t\t\tautoHeight: false,\r\n\t            dots: false,\r\n\t            autoplay: true,\r\n\t\t\t\tautoplayTimeout: 4000,\r\n\t\t\t\tautoplayHoverPause: true,\r\n\t\t\t\tanimateIn: 'fadeIn',\r\n\t\t\t\tanimateOut: 'fadeOut',\r\n\t\t\t\tloop: true,\r\n\t\t\t\tmouseDrag: true,\r\n\t\t\t\ttouchDrag: true\r\n\t\t\t});\nowl.click( function () {\r\n                    owl.trigger( 'next.owl.carousel' );\r\n                } );});\n<\/script>\n","protected":false},"excerpt":{"rendered":"<p>Kompletne \u010dierna ma\u0161\u013ea s \u010delenkou v \u0161ir\u0161om prevedn\u00ed. Zdoben\u00e1 je sat\u00e9novou stu\u017ekou, dvojakou \u010dipkou a bavlnenou madeirou. Ve\u013emi ob\u013e\u00faben\u00e1 k r\u00f4znym tmav\u0161\u00edm \u0161t\u00fdlom.\u00a0<\/p>\n","protected":false},"author":1,"featured_media":0,"parent":1942,"menu_order":0,"comment_status":"open","ping_status":"closed","template":"","meta":{"_monsterinsights_skip_tracking":false,"_monsterinsights_sitenote_active":false,"_monsterinsights_sitenote_note":"","_monsterinsights_sitenote_category":0,"footnotes":""},"class_list":["post-1181","page","type-page","status-publish","hentry"],"_links":{"self":[{"href":"http:\/\/lorinoko.com\/index.php?rest_route=\/wp\/v2\/pages\/1181","targetHints":{"allow":["GET"]}}],"collection":[{"href":"http:\/\/lorinoko.com\/index.php?rest_route=\/wp\/v2\/pages"}],"about":[{"href":"http:\/\/lorinoko.com\/index.php?rest_route=\/wp\/v2\/types\/page"}],"author":[{"embeddable":true,"href":"http:\/\/lorinoko.com\/index.php?rest_route=\/wp\/v2\/users\/1"}],"replies":[{"embeddable":true,"href":"http:\/\/lorinoko.com\/index.php?rest_route=%2Fwp%2Fv2%2Fcomments&post=1181"}],"version-history":[{"count":6,"href":"http:\/\/lorinoko.com\/index.php?rest_route=\/wp\/v2\/pages\/1181\/revisions"}],"predecessor-version":[{"id":3415,"href":"http:\/\/lorinoko.com\/index.php?rest_route=\/wp\/v2\/pages\/1181\/revisions\/3415"}],"up":[{"embeddable":true,"href":"http:\/\/lorinoko.com\/index.php?rest_route=\/wp\/v2\/pages\/1942"}],"wp:attachment":[{"href":"http:\/\/lorinoko.com\/index.php?rest_route=%2Fwp%2Fv2%2Fmedia&parent=1181"}],"curies":[{"name":"wp","href":"https:\/\/api.w.org\/{rel}","templated":true}]}}