{"id":1163,"date":"2013-05-18T18:48:02","date_gmt":"2013-05-18T17:48:02","guid":{"rendered":"http:\/\/intarbutt.info\/lorinoko\/?page_id=1163"},"modified":"2014-05-21T18:17:52","modified_gmt":"2014-05-21T17:17:52","slug":"strawberry-snow-headband","status":"publish","type":"page","link":"http:\/\/lorinoko.com\/?page_id=1163","title":{"rendered":"Strawberry Snow Headband"},"content":{"rendered":"<p style=\"text-align: justify;\">Ve\u013emi prec\u00edzne vyv\u00e1\u017een\u00e1 kombin\u00e1cia bielej a \u010dervenej bavlny, striedavo farebne zdobenej stu\u017ekami, \u010dipkou a madeirou. Nielen Country a Sweet Lolity ju ur\u010dite ocenia.<\/p>\n<div class=\"slideshow\"><div id=\"ngg_slideshow1711631\" class=\"ngg-slideshow owl-carousel\" style=\"max-width: 600px; max-height: 400px;\"><img decoding=\"async\" src=\"http:\/\/lorinoko.com\/wp-content\/gallery\/strawberry-snow-headband\/001_dscn9293.jpg\" alt=\"001_dscn9293\" style=\"max-width: 600px; max-height: 400px; width: auto; height:auto; margin:auto\"><img decoding=\"async\" src=\"http:\/\/lorinoko.com\/wp-content\/gallery\/strawberry-snow-headband\/002_dscn9294.jpg\" alt=\"002_dscn9294\" style=\"max-width: 600px; max-height: 400px; width: auto; height:auto; margin:auto\"><img decoding=\"async\" src=\"http:\/\/lorinoko.com\/wp-content\/gallery\/strawberry-snow-headband\/003_dscn9296.jpg\" alt=\"003_dscn9296\" style=\"max-width: 600px; max-height: 400px; width: auto; height:auto; margin:auto\"><\/div><\/div>\n\n<script type=\"text\/javascript\">jQuery(document).ready(function($) {\r\n\t\t\tvar owl = $('#ngg_slideshow1711631');\r\n\t\t\towl.owlCarousel({\r\n\t\t\t\titems: 1,\r\n\t\t\t\tautoHeight: false,\r\n\t            dots: false,\r\n\t            autoplay: true,\r\n\t\t\t\tautoplayTimeout: 4000,\r\n\t\t\t\tautoplayHoverPause: true,\r\n\t\t\t\tanimateIn: 'fadeIn',\r\n\t\t\t\tanimateOut: 'fadeOut',\r\n\t\t\t\tloop: true,\r\n\t\t\t\tmouseDrag: true,\r\n\t\t\t\ttouchDrag: true\r\n\t\t\t});\nowl.click( function () {\r\n                    owl.trigger( 'next.owl.carousel' );\r\n                } );});\n<\/script>\n","protected":false},"excerpt":{"rendered":"<p>Ve\u013emi prec\u00edzne vyv\u00e1\u017een\u00e1 kombin\u00e1cia bielej a \u010dervenej bavlny, striedavo farebne zdobenej stu\u017ekami, \u010dipkou a madeirou. Nielen Country a Sweet Lolity ju ur\u010dite ocenia.<\/p>\n","protected":false},"author":1,"featured_media":0,"parent":1942,"menu_order":0,"comment_status":"open","ping_status":"closed","template":"","meta":{"_monsterinsights_skip_tracking":false,"_monsterinsights_sitenote_active":false,"_monsterinsights_sitenote_note":"","_monsterinsights_sitenote_category":0,"footnotes":""},"class_list":["post-1163","page","type-page","status-publish","hentry"],"_links":{"self":[{"href":"http:\/\/lorinoko.com\/index.php?rest_route=\/wp\/v2\/pages\/1163","targetHints":{"allow":["GET"]}}],"collection":[{"href":"http:\/\/lorinoko.com\/index.php?rest_route=\/wp\/v2\/pages"}],"about":[{"href":"http:\/\/lorinoko.com\/index.php?rest_route=\/wp\/v2\/types\/page"}],"author":[{"embeddable":true,"href":"http:\/\/lorinoko.com\/index.php?rest_route=\/wp\/v2\/users\/1"}],"replies":[{"embeddable":true,"href":"http:\/\/lorinoko.com\/index.php?rest_route=%2Fwp%2Fv2%2Fcomments&post=1163"}],"version-history":[{"count":8,"href":"http:\/\/lorinoko.com\/index.php?rest_route=\/wp\/v2\/pages\/1163\/revisions"}],"predecessor-version":[{"id":3424,"href":"http:\/\/lorinoko.com\/index.php?rest_route=\/wp\/v2\/pages\/1163\/revisions\/3424"}],"up":[{"embeddable":true,"href":"http:\/\/lorinoko.com\/index.php?rest_route=\/wp\/v2\/pages\/1942"}],"wp:attachment":[{"href":"http:\/\/lorinoko.com\/index.php?rest_route=%2Fwp%2Fv2%2Fmedia&parent=1163"}],"curies":[{"name":"wp","href":"https:\/\/api.w.org\/{rel}","templated":true}]}}