{"id":1063,"date":"2013-03-07T18:06:23","date_gmt":"2013-03-07T17:06:23","guid":{"rendered":"http:\/\/intarbutt.info\/lorinoko\/?page_id=1063"},"modified":"2014-05-21T18:54:11","modified_gmt":"2014-05-21T17:54:11","slug":"albica-atra-podkolienky-shiroi","status":"publish","type":"page","link":"http:\/\/lorinoko.com\/?page_id=1063","title":{"rendered":"Albica-atra podkolienky: Shiroi"},"content":{"rendered":"<p style=\"text-align: justify;\">Pohodln\u00e9 bavlnen\u00e9 podkolienky z kolekcie Alba-atra, ktor\u00e9 maj\u00fa aj svoju <a href=\"http:\/\/intarbutt.info\/lorinoko\/?page_id=1049\">\u010diernu dvoji\u010dku<\/a>, s\u00fa vyhotoven\u00e9 v z bieleho bavlnen\u00e9ho \u00fapletu a zdoben\u00e9 \u010diernou \u010dipkou. S\u00fa skr\u00e1\u0161len\u00e9 ru\u010dne vyrobenou ozdobou z r\u00f4znych stu\u017eiek v \u010diernej a kontrastnej bielej ma\u0161li\u010dkovej aplik\u00e1cie.<br \/>\n<strong>Materi\u00e1l:<\/strong>\u00a0bavlnen\u00e9 podkolienky, sat\u00e9nov\u00e9 stuhy, \u010dipka polyester, aplik\u00e1cia polyester<br \/>\n<strong>Ve\u013ekos\u0165:<\/strong> 37-41<br \/>\n<strong>Obvod l\u00fdtka:<\/strong> do 42 cm<\/p>\n<div class=\"slideshow\"><div id=\"ngg_slideshow4010631\" class=\"ngg-slideshow owl-carousel\" style=\"max-width: 600px; max-height: 400px;\"><img decoding=\"async\" src=\"http:\/\/lorinoko.com\/wp-content\/gallery\/albica-atra-kneesocks-shiroi\/001_dscn8620.jpg\" alt=\"001_dscn8620\" style=\"max-width: 600px; max-height: 400px; width: auto; height:auto; margin:auto\"><img decoding=\"async\" src=\"http:\/\/lorinoko.com\/wp-content\/gallery\/albica-atra-kneesocks-shiroi\/002_dscn8627.jpg\" alt=\"002_dscn8627\" style=\"max-width: 600px; max-height: 400px; width: auto; height:auto; margin:auto\"><img decoding=\"async\" src=\"http:\/\/lorinoko.com\/wp-content\/gallery\/albica-atra-kneesocks-shiroi\/003_dscn8631.jpg\" alt=\"003_dscn8631\" style=\"max-width: 600px; max-height: 400px; width: auto; height:auto; margin:auto\"><img decoding=\"async\" src=\"http:\/\/lorinoko.com\/wp-content\/gallery\/albica-atra-kneesocks-shiroi\/004_dscn8629.jpg\" alt=\"004_dscn8629\" style=\"max-width: 600px; max-height: 400px; width: auto; height:auto; margin:auto\"><img decoding=\"async\" src=\"http:\/\/lorinoko.com\/wp-content\/gallery\/albica-atra-kneesocks-shiroi\/008_dscn8636.jpg\" alt=\"008_dscn8636\" style=\"max-width: 600px; max-height: 400px; width: auto; height:auto; margin:auto\"><\/div><\/div>\n\n<script type=\"text\/javascript\">jQuery(document).ready(function($) {\r\n\t\t\tvar owl = $('#ngg_slideshow4010631');\r\n\t\t\towl.owlCarousel({\r\n\t\t\t\titems: 1,\r\n\t\t\t\tautoHeight: false,\r\n\t            dots: false,\r\n\t            autoplay: true,\r\n\t\t\t\tautoplayTimeout: 4000,\r\n\t\t\t\tautoplayHoverPause: true,\r\n\t\t\t\tanimateIn: 'fadeIn',\r\n\t\t\t\tanimateOut: 'fadeOut',\r\n\t\t\t\tloop: true,\r\n\t\t\t\tmouseDrag: true,\r\n\t\t\t\ttouchDrag: true\r\n\t\t\t});\nowl.click( function () {\r\n                    owl.trigger( 'next.owl.carousel' );\r\n                } );});\n<\/script>\n","protected":false},"excerpt":{"rendered":"<p>Pohodln\u00e9 bavlnen\u00e9 podkolienky z kolekcie Alba-atra, ktor\u00e9 maj\u00fa aj svoju \u010diernu dvoji\u010dku, s\u00fa vyhotoven\u00e9 v z bieleho bavlnen\u00e9ho \u00fapletu a zdoben\u00e9 \u010diernou \u010dipkou. S\u00fa skr\u00e1\u0161len\u00e9 ru\u010dne vyrobenou ozdobou z r\u00f4znych stu\u017eiek v \u010diernej a kontrastnej bielej ma\u0161li\u010dkovej aplik\u00e1cie. Materi\u00e1l:\u00a0bavlnen\u00e9 podkolienky, &hellip; <a href=\"http:\/\/lorinoko.com\/?page_id=1063\">Continue reading <span class=\"meta-nav\">&rarr;<\/span><\/a><\/p>\n","protected":false},"author":1,"featured_media":0,"parent":1760,"menu_order":0,"comment_status":"open","ping_status":"closed","template":"","meta":{"_monsterinsights_skip_tracking":false,"_monsterinsights_sitenote_active":false,"_monsterinsights_sitenote_note":"","_monsterinsights_sitenote_category":0,"footnotes":""},"class_list":["post-1063","page","type-page","status-publish","hentry"],"_links":{"self":[{"href":"http:\/\/lorinoko.com\/index.php?rest_route=\/wp\/v2\/pages\/1063","targetHints":{"allow":["GET"]}}],"collection":[{"href":"http:\/\/lorinoko.com\/index.php?rest_route=\/wp\/v2\/pages"}],"about":[{"href":"http:\/\/lorinoko.com\/index.php?rest_route=\/wp\/v2\/types\/page"}],"author":[{"embeddable":true,"href":"http:\/\/lorinoko.com\/index.php?rest_route=\/wp\/v2\/users\/1"}],"replies":[{"embeddable":true,"href":"http:\/\/lorinoko.com\/index.php?rest_route=%2Fwp%2Fv2%2Fcomments&post=1063"}],"version-history":[{"count":11,"href":"http:\/\/lorinoko.com\/index.php?rest_route=\/wp\/v2\/pages\/1063\/revisions"}],"predecessor-version":[{"id":3443,"href":"http:\/\/lorinoko.com\/index.php?rest_route=\/wp\/v2\/pages\/1063\/revisions\/3443"}],"up":[{"embeddable":true,"href":"http:\/\/lorinoko.com\/index.php?rest_route=\/wp\/v2\/pages\/1760"}],"wp:attachment":[{"href":"http:\/\/lorinoko.com\/index.php?rest_route=%2Fwp%2Fv2%2Fmedia&parent=1063"}],"curies":[{"name":"wp","href":"https:\/\/api.w.org\/{rel}","templated":true}]}}