{"id":106,"date":"2011-10-04T13:25:25","date_gmt":"2011-10-04T12:25:25","guid":{"rendered":"http:\/\/intarbutt.info\/lorinoko\/?page_id=106"},"modified":"2014-05-21T19:14:03","modified_gmt":"2014-05-21T18:14:03","slug":"spodnicka-biela","status":"publish","type":"page","link":"http:\/\/lorinoko.com\/?page_id=106","title":{"rendered":"Spodni\u010dka biela"},"content":{"rendered":"<p style=\"text-align: justify;\">Biela spodni\u010dka z organzy v troch samostatn\u00fdch vrstv\u00e1ch. V p\u00e1se na gumi\u010dku. V\u010faka vrstveniu naber\u00e1 bohat\u00fd objem a je tak vhodn\u00e1 na nosenie aj pod \u0165a\u017e\u0161\u00ed vrchn\u00fd materi\u00e1l.<br \/>\n<strong>Materi\u00e1l:<\/strong> organza<br \/>\n<strong>Ve\u013ekos\u0165 p\u00e1su:<\/strong> 60-110 cm<br \/>\n<strong>D\u013a\u017eka spodni\u010dky:<\/strong> 42 cm<\/p>\n<div class=\"slideshow\"><div id=\"ngg_slideshow511061\" class=\"ngg-slideshow owl-carousel\" style=\"max-width: 600px; max-height: 400px;\"><img decoding=\"async\" src=\"http:\/\/lorinoko.com\/wp-content\/gallery\/spodnicka-biela\/img_6362_2.jpg\" alt=\"img_6362_2\" style=\"max-width: 600px; max-height: 400px; width: auto; height:auto; margin:auto\"><img decoding=\"async\" src=\"http:\/\/lorinoko.com\/wp-content\/gallery\/spodnicka-biela\/img_6366_2.jpg\" alt=\"img_6366_2\" style=\"max-width: 600px; max-height: 400px; width: auto; height:auto; margin:auto\"><\/div><\/div>\n\n<script type=\"text\/javascript\">jQuery(document).ready(function($) {\r\n\t\t\tvar owl = $('#ngg_slideshow511061');\r\n\t\t\towl.owlCarousel({\r\n\t\t\t\titems: 1,\r\n\t\t\t\tautoHeight: false,\r\n\t            dots: false,\r\n\t            autoplay: true,\r\n\t\t\t\tautoplayTimeout: 4000,\r\n\t\t\t\tautoplayHoverPause: true,\r\n\t\t\t\tanimateIn: 'fadeIn',\r\n\t\t\t\tanimateOut: 'fadeOut',\r\n\t\t\t\tloop: true,\r\n\t\t\t\tmouseDrag: true,\r\n\t\t\t\ttouchDrag: true\r\n\t\t\t});\nowl.click( function () {\r\n                    owl.trigger( 'next.owl.carousel' );\r\n                } );});\n<\/script>\n","protected":false},"excerpt":{"rendered":"<p>Biela spodni\u010dka z organzy v troch samostatn\u00fdch vrstv\u00e1ch. V p\u00e1se na gumi\u010dku. V\u010faka vrstveniu naber\u00e1 bohat\u00fd objem a je tak vhodn\u00e1 na nosenie aj pod \u0165a\u017e\u0161\u00ed vrchn\u00fd materi\u00e1l. Materi\u00e1l: organza Ve\u013ekos\u0165 p\u00e1su: 60-110 cm D\u013a\u017eka spodni\u010dky: 42 cm<\/p>\n","protected":false},"author":1,"featured_media":0,"parent":91,"menu_order":0,"comment_status":"open","ping_status":"closed","template":"","meta":{"_monsterinsights_skip_tracking":false,"_monsterinsights_sitenote_active":false,"_monsterinsights_sitenote_note":"","_monsterinsights_sitenote_category":0,"footnotes":""},"class_list":["post-106","page","type-page","status-publish","hentry"],"_links":{"self":[{"href":"http:\/\/lorinoko.com\/index.php?rest_route=\/wp\/v2\/pages\/106","targetHints":{"allow":["GET"]}}],"collection":[{"href":"http:\/\/lorinoko.com\/index.php?rest_route=\/wp\/v2\/pages"}],"about":[{"href":"http:\/\/lorinoko.com\/index.php?rest_route=\/wp\/v2\/types\/page"}],"author":[{"embeddable":true,"href":"http:\/\/lorinoko.com\/index.php?rest_route=\/wp\/v2\/users\/1"}],"replies":[{"embeddable":true,"href":"http:\/\/lorinoko.com\/index.php?rest_route=%2Fwp%2Fv2%2Fcomments&post=106"}],"version-history":[{"count":22,"href":"http:\/\/lorinoko.com\/index.php?rest_route=\/wp\/v2\/pages\/106\/revisions"}],"predecessor-version":[{"id":3462,"href":"http:\/\/lorinoko.com\/index.php?rest_route=\/wp\/v2\/pages\/106\/revisions\/3462"}],"up":[{"embeddable":true,"href":"http:\/\/lorinoko.com\/index.php?rest_route=\/wp\/v2\/pages\/91"}],"wp:attachment":[{"href":"http:\/\/lorinoko.com\/index.php?rest_route=%2Fwp%2Fv2%2Fmedia&parent=106"}],"curies":[{"name":"wp","href":"https:\/\/api.w.org\/{rel}","templated":true}]}}