{"id":1049,"date":"2013-03-07T18:06:29","date_gmt":"2013-03-07T17:06:29","guid":{"rendered":"http:\/\/intarbutt.info\/lorinoko\/?page_id=1049"},"modified":"2014-05-21T18:54:37","modified_gmt":"2014-05-21T17:54:37","slug":"albica-atra-podkolienky-kuroi","status":"publish","type":"page","link":"http:\/\/lorinoko.com\/?page_id=1049","title":{"rendered":"Albica-atra podkolienky: Kuroi"},"content":{"rendered":"<p style=\"text-align: justify;\">Pohodln\u00e9 bavlnen\u00e9 podkolienky z novej kolekcie Albica-atra, ktor\u00e9 maj\u00fa aj svoju <a href=\"http:\/\/intarbutt.info\/lorinoko\/?page_id=1063\">bielu dvoji\u010dku<\/a>, s\u00fa vyhotoven\u00e9 v z \u010dierneho bavlnen\u00e9ho \u00fapletu a zdoben\u00e9 bielou \u010dipkou. Ich vzh\u013ead dotv\u00e1ra ru\u010dne vyroben\u00e1 ozdoba z r\u00f4znych stu\u017eiek v \u010diernej a kontrastnej bielej ma\u0161li\u010dkovej aplik\u00e1cie.<br \/>\n<strong>Materi\u00e1l:\u00a0<\/strong>bavlnen\u00e9 podkolienky, sat\u00e9nov\u00e9 stuhy, \u010dipka polyester, aplik\u00e1cia polyester<br \/>\n<strong>Ve\u013ekos\u0165:<\/strong> 37-41<br \/>\n<strong>Obvod l\u00fdtka: <\/strong>do 41 cm<\/p>\n<div class=\"slideshow\"><div id=\"ngg_slideshow3910491\" class=\"ngg-slideshow owl-carousel\" style=\"max-width: 600px; max-height: 400px;\"><img decoding=\"async\" src=\"http:\/\/lorinoko.com\/wp-content\/gallery\/albica-atra-kneesocks-kuroi\/001_dscn8570.jpg\" alt=\"001_dscn8570\" style=\"max-width: 600px; max-height: 400px; width: auto; height:auto; margin:auto\"><img decoding=\"async\" src=\"http:\/\/lorinoko.com\/wp-content\/gallery\/albica-atra-kneesocks-kuroi\/002_dscn8576.jpg\" alt=\"002_dscn8576\" style=\"max-width: 600px; max-height: 400px; width: auto; height:auto; margin:auto\"><img decoding=\"async\" src=\"http:\/\/lorinoko.com\/wp-content\/gallery\/albica-atra-kneesocks-kuroi\/003_dscn8574.jpg\" alt=\"003_dscn8574\" style=\"max-width: 600px; max-height: 400px; width: auto; height:auto; margin:auto\"><img decoding=\"async\" src=\"http:\/\/lorinoko.com\/wp-content\/gallery\/albica-atra-kneesocks-kuroi\/004_dscn8572.jpg\" alt=\"004_dscn8572\" style=\"max-width: 600px; max-height: 400px; width: auto; height:auto; margin:auto\"><img decoding=\"async\" src=\"http:\/\/lorinoko.com\/wp-content\/gallery\/albica-atra-kneesocks-kuroi\/005_dscn8575.jpg\" alt=\"005_dscn8575\" style=\"max-width: 600px; max-height: 400px; width: auto; height:auto; margin:auto\"><img decoding=\"async\" src=\"http:\/\/lorinoko.com\/wp-content\/gallery\/albica-atra-kneesocks-kuroi\/006_dscn8577.jpg\" alt=\"006_dscn8577\" style=\"max-width: 600px; max-height: 400px; width: auto; height:auto; margin:auto\"><img decoding=\"async\" src=\"http:\/\/lorinoko.com\/wp-content\/gallery\/albica-atra-kneesocks-kuroi\/008_dscn8636.jpg\" alt=\"008_dscn8636\" style=\"max-width: 600px; max-height: 400px; width: auto; height:auto; margin:auto\"><\/div><\/div>\n\n<script type=\"text\/javascript\">jQuery(document).ready(function($) {\r\n\t\t\tvar owl = $('#ngg_slideshow3910491');\r\n\t\t\towl.owlCarousel({\r\n\t\t\t\titems: 1,\r\n\t\t\t\tautoHeight: false,\r\n\t            dots: false,\r\n\t            autoplay: true,\r\n\t\t\t\tautoplayTimeout: 4000,\r\n\t\t\t\tautoplayHoverPause: true,\r\n\t\t\t\tanimateIn: 'fadeIn',\r\n\t\t\t\tanimateOut: 'fadeOut',\r\n\t\t\t\tloop: true,\r\n\t\t\t\tmouseDrag: true,\r\n\t\t\t\ttouchDrag: true\r\n\t\t\t});\nowl.click( function () {\r\n                    owl.trigger( 'next.owl.carousel' );\r\n                } );});\n<\/script>\n","protected":false},"excerpt":{"rendered":"<p>Pohodln\u00e9 bavlnen\u00e9 podkolienky z novej kolekcie Albica-atra, ktor\u00e9 maj\u00fa aj svoju bielu dvoji\u010dku, s\u00fa vyhotoven\u00e9 v z \u010dierneho bavlnen\u00e9ho \u00fapletu a zdoben\u00e9 bielou \u010dipkou. Ich vzh\u013ead dotv\u00e1ra ru\u010dne vyroben\u00e1 ozdoba z r\u00f4znych stu\u017eiek v \u010diernej a kontrastnej bielej ma\u0161li\u010dkovej aplik\u00e1cie. &hellip; <a href=\"http:\/\/lorinoko.com\/?page_id=1049\">Continue reading <span class=\"meta-nav\">&rarr;<\/span><\/a><\/p>\n","protected":false},"author":1,"featured_media":0,"parent":1760,"menu_order":0,"comment_status":"open","ping_status":"closed","template":"","meta":{"_monsterinsights_skip_tracking":false,"_monsterinsights_sitenote_active":false,"_monsterinsights_sitenote_note":"","_monsterinsights_sitenote_category":0,"footnotes":""},"class_list":["post-1049","page","type-page","status-publish","hentry"],"_links":{"self":[{"href":"http:\/\/lorinoko.com\/index.php?rest_route=\/wp\/v2\/pages\/1049","targetHints":{"allow":["GET"]}}],"collection":[{"href":"http:\/\/lorinoko.com\/index.php?rest_route=\/wp\/v2\/pages"}],"about":[{"href":"http:\/\/lorinoko.com\/index.php?rest_route=\/wp\/v2\/types\/page"}],"author":[{"embeddable":true,"href":"http:\/\/lorinoko.com\/index.php?rest_route=\/wp\/v2\/users\/1"}],"replies":[{"embeddable":true,"href":"http:\/\/lorinoko.com\/index.php?rest_route=%2Fwp%2Fv2%2Fcomments&post=1049"}],"version-history":[{"count":16,"href":"http:\/\/lorinoko.com\/index.php?rest_route=\/wp\/v2\/pages\/1049\/revisions"}],"predecessor-version":[{"id":3444,"href":"http:\/\/lorinoko.com\/index.php?rest_route=\/wp\/v2\/pages\/1049\/revisions\/3444"}],"up":[{"embeddable":true,"href":"http:\/\/lorinoko.com\/index.php?rest_route=\/wp\/v2\/pages\/1760"}],"wp:attachment":[{"href":"http:\/\/lorinoko.com\/index.php?rest_route=%2Fwp%2Fv2%2Fmedia&parent=1049"}],"curies":[{"name":"wp","href":"https:\/\/api.w.org\/{rel}","templated":true}]}}